{"id":1175,"date":"2024-06-06T15:04:09","date_gmt":"2024-06-06T13:04:09","guid":{"rendered":"https:\/\/www.creatique-technologie.com\/luft-und-raumfahrt\/"},"modified":"2025-01-20T11:58:44","modified_gmt":"2025-01-20T10:58:44","slug":"luft-und-raumfahrt","status":"publish","type":"page","link":"https:\/\/www.creatique-technologie.com\/de\/luft-und-raumfahrt\/","title":{"rendered":"LUFT- UND RAUMFAHRT"},"content":{"rendered":"<div class=\"wpb-content-wrapper\"><p>[vc_row][vc_column][vc_empty_space][vc_column_text]<span style=\"font-weight: 400;\">In einer hoch komplexen Branche wie der Luft- und Raumfahrt ist ein Netzwerk spezialisierter Experten erforderlich, die beim Entwurf, der Konstruktion und der Wartung von Flugzeugen jeden einzelnen Schritt \u00fcberwachen. Vom ersten Konstruktionsplan \u00fcber Fertigung und sorgf\u00e4ltige Montage bis hin zu pr\u00e4zisen Pr\u00fcfverfahren und regelm\u00e4\u00dfiger Wartung, s\u00e4mtliche Aspekte erfordern Fachwissen und h\u00f6chste Aufmerksamkeit.<\/span><span style=\"font-weight: 400;\">Unser Team fungiert dank umfangreicher Erfahrung und Know-how in dieser dynamischen Branche als zentraler Knoten im Expertennetzwerk. Wir wissen genau, welchen spezifischen Herausforderungen sich unsere Kunden aus der Luft- und Raumfahrtbranche gegen\u00fcber sehen. Aus diesem Grund k\u00f6nnen wir ihnen umfassenden Service bieten. Wir arbeiten vom ersten Entwurf bis zur Endabnahme eng mit Ihnen zusammen, um sicherzustellen, dass jede einzelne Phase Ihres Projekts mit Bravour umgesetzt wird.<\/span><span style=\"font-weight: 400;\">Sie ben\u00f6tigen innovative L\u00f6sungen f\u00fcr spezifische Tests oder einen reaktionsschnellen Kundendienst, der Sie bei der Bew\u00e4ltigung komplexer Probleme unterst\u00fctzt? Unser Team steht Ihnen in jedem Fall tatkr\u00e4ftig zur Seite. Unsere ma\u00dfgeschneiderten L\u00f6sungen setzen Ma\u00dfst\u00e4be und werden Ihre Erwartungen \u00fcbertreffen. Dabei ist die Einhaltung der strengen Sicherheits- und Qualit\u00e4tsstandards in der Luft- und Raumfahrtindustrie stets gew\u00e4hrleistet.<\/span>[\/vc_column_text][vc_btn title=&#8220;Wenden Sie sich an uns&#8220; style=&#8220;custom&#8220; custom_background=&#8220;#fe0000&#8243; custom_text=&#8220;#ffffff&#8220; shape=&#8220;round&#8220; align=&#8220;center&#8220; link=&#8220;url:%23|&#8220; el_class=&#8220;fleche-btn-page&#8220;][\/vc_column][\/vc_row]<\/p>\n<\/div>","protected":false},"excerpt":{"rendered":"<p>[vc_row][vc_column][vc_empty_space][vc_column_text]In einer hoch komplexen Branche wie der Luft- und Raumfahrt ist ein Netzwerk spezialisierter Experten erforderlich, die beim Entwurf, der Konstruktion und der Wartung von Flugzeugen<span class=\"excerpt-hellip\"> [\u2026]<\/span><\/p>\n","protected":false},"author":1,"featured_media":0,"parent":0,"menu_order":0,"comment_status":"closed","ping_status":"closed","template":"","meta":{"footnotes":""},"class_list":["post-1175","page","type-page","status-publish","hentry"],"yoast_head":"<!-- This site is optimized with the Yoast SEO plugin v27.5 - https:\/\/yoast.com\/product\/yoast-seo-wordpress\/ -->\n<title>LUFT- UND RAUMFAHRT - Cr\u00e9atique Technologie<\/title>\n<meta name=\"robots\" content=\"index, follow, max-snippet:-1, max-image-preview:large, max-video-preview:-1\" \/>\n<link rel=\"canonical\" href=\"https:\/\/www.creatique-technologie.com\/de\/luft-und-raumfahrt\/\" \/>\n<meta property=\"og:locale\" content=\"de_DE\" \/>\n<meta property=\"og:type\" content=\"article\" \/>\n<meta property=\"og:title\" content=\"LUFT- UND RAUMFAHRT - Cr\u00e9atique Technologie\" \/>\n<meta property=\"og:description\" content=\"[vc_row][vc_column][vc_empty_space][vc_column_text]In einer hoch komplexen Branche wie der Luft- und Raumfahrt ist ein Netzwerk spezialisierter Experten erforderlich, die beim Entwurf, der Konstruktion und der Wartung von Flugzeugen [\u2026]\" \/>\n<meta property=\"og:url\" content=\"https:\/\/www.creatique-technologie.com\/de\/luft-und-raumfahrt\/\" \/>\n<meta property=\"og:site_name\" content=\"Cr\u00e9atique Technologie\" \/>\n<meta property=\"article:modified_time\" content=\"2025-01-20T10:58:44+00:00\" \/>\n<meta name=\"twitter:card\" content=\"summary_large_image\" \/>\n<meta name=\"twitter:label1\" content=\"Gesch\u00e4tzte Lesezeit\" \/>\n\t<meta name=\"twitter:data1\" content=\"1\u00a0Minute\" \/>\n<script type=\"application\/ld+json\" class=\"yoast-schema-graph\">{\"@context\":\"https:\\\/\\\/schema.org\",\"@graph\":[{\"@type\":\"WebPage\",\"@id\":\"https:\\\/\\\/www.creatique-technologie.com\\\/de\\\/luft-und-raumfahrt\\\/\",\"url\":\"https:\\\/\\\/www.creatique-technologie.com\\\/de\\\/luft-und-raumfahrt\\\/\",\"name\":\"LUFT- UND RAUMFAHRT - Cr\u00e9atique Technologie\",\"isPartOf\":{\"@id\":\"https:\\\/\\\/www.creatique-technologie.com\\\/de\\\/#website\"},\"datePublished\":\"2024-06-06T13:04:09+00:00\",\"dateModified\":\"2025-01-20T10:58:44+00:00\",\"breadcrumb\":{\"@id\":\"https:\\\/\\\/www.creatique-technologie.com\\\/de\\\/luft-und-raumfahrt\\\/#breadcrumb\"},\"inLanguage\":\"de\",\"potentialAction\":[{\"@type\":\"ReadAction\",\"target\":[\"https:\\\/\\\/www.creatique-technologie.com\\\/de\\\/luft-und-raumfahrt\\\/\"]}]},{\"@type\":\"BreadcrumbList\",\"@id\":\"https:\\\/\\\/www.creatique-technologie.com\\\/de\\\/luft-und-raumfahrt\\\/#breadcrumb\",\"itemListElement\":[{\"@type\":\"ListItem\",\"position\":1,\"name\":\"Accueil\",\"item\":\"https:\\\/\\\/www.creatique-technologie.com\\\/de\\\/\"},{\"@type\":\"ListItem\",\"position\":2,\"name\":\"LUFT- UND RAUMFAHRT\"}]},{\"@type\":\"WebSite\",\"@id\":\"https:\\\/\\\/www.creatique-technologie.com\\\/de\\\/#website\",\"url\":\"https:\\\/\\\/www.creatique-technologie.com\\\/de\\\/\",\"name\":\"Cr\u00e9atique Technologie\",\"description\":\"\",\"potentialAction\":[{\"@type\":\"SearchAction\",\"target\":{\"@type\":\"EntryPoint\",\"urlTemplate\":\"https:\\\/\\\/www.creatique-technologie.com\\\/de\\\/?s={search_term_string}\"},\"query-input\":{\"@type\":\"PropertyValueSpecification\",\"valueRequired\":true,\"valueName\":\"search_term_string\"}}],\"inLanguage\":\"de\"}]}<\/script>\n<!-- \/ Yoast SEO plugin. -->","yoast_head_json":{"title":"LUFT- UND RAUMFAHRT - Cr\u00e9atique Technologie","robots":{"index":"index","follow":"follow","max-snippet":"max-snippet:-1","max-image-preview":"max-image-preview:large","max-video-preview":"max-video-preview:-1"},"canonical":"https:\/\/www.creatique-technologie.com\/de\/luft-und-raumfahrt\/","og_locale":"de_DE","og_type":"article","og_title":"LUFT- UND RAUMFAHRT - Cr\u00e9atique Technologie","og_description":"[vc_row][vc_column][vc_empty_space][vc_column_text]In einer hoch komplexen Branche wie der Luft- und Raumfahrt ist ein Netzwerk spezialisierter Experten erforderlich, die beim Entwurf, der Konstruktion und der Wartung von Flugzeugen [\u2026]","og_url":"https:\/\/www.creatique-technologie.com\/de\/luft-und-raumfahrt\/","og_site_name":"Cr\u00e9atique Technologie","article_modified_time":"2025-01-20T10:58:44+00:00","twitter_card":"summary_large_image","twitter_misc":{"Gesch\u00e4tzte Lesezeit":"1\u00a0Minute"},"schema":{"@context":"https:\/\/schema.org","@graph":[{"@type":"WebPage","@id":"https:\/\/www.creatique-technologie.com\/de\/luft-und-raumfahrt\/","url":"https:\/\/www.creatique-technologie.com\/de\/luft-und-raumfahrt\/","name":"LUFT- UND RAUMFAHRT - Cr\u00e9atique Technologie","isPartOf":{"@id":"https:\/\/www.creatique-technologie.com\/de\/#website"},"datePublished":"2024-06-06T13:04:09+00:00","dateModified":"2025-01-20T10:58:44+00:00","breadcrumb":{"@id":"https:\/\/www.creatique-technologie.com\/de\/luft-und-raumfahrt\/#breadcrumb"},"inLanguage":"de","potentialAction":[{"@type":"ReadAction","target":["https:\/\/www.creatique-technologie.com\/de\/luft-und-raumfahrt\/"]}]},{"@type":"BreadcrumbList","@id":"https:\/\/www.creatique-technologie.com\/de\/luft-und-raumfahrt\/#breadcrumb","itemListElement":[{"@type":"ListItem","position":1,"name":"Accueil","item":"https:\/\/www.creatique-technologie.com\/de\/"},{"@type":"ListItem","position":2,"name":"LUFT- UND RAUMFAHRT"}]},{"@type":"WebSite","@id":"https:\/\/www.creatique-technologie.com\/de\/#website","url":"https:\/\/www.creatique-technologie.com\/de\/","name":"Cr\u00e9atique Technologie","description":"","potentialAction":[{"@type":"SearchAction","target":{"@type":"EntryPoint","urlTemplate":"https:\/\/www.creatique-technologie.com\/de\/?s={search_term_string}"},"query-input":{"@type":"PropertyValueSpecification","valueRequired":true,"valueName":"search_term_string"}}],"inLanguage":"de"}]}},"jetpack_sharing_enabled":true,"_links":{"self":[{"href":"https:\/\/www.creatique-technologie.com\/de\/wp-json\/wp\/v2\/pages\/1175","targetHints":{"allow":["GET"]}}],"collection":[{"href":"https:\/\/www.creatique-technologie.com\/de\/wp-json\/wp\/v2\/pages"}],"about":[{"href":"https:\/\/www.creatique-technologie.com\/de\/wp-json\/wp\/v2\/types\/page"}],"author":[{"embeddable":true,"href":"https:\/\/www.creatique-technologie.com\/de\/wp-json\/wp\/v2\/users\/1"}],"replies":[{"embeddable":true,"href":"https:\/\/www.creatique-technologie.com\/de\/wp-json\/wp\/v2\/comments?post=1175"}],"version-history":[{"count":5,"href":"https:\/\/www.creatique-technologie.com\/de\/wp-json\/wp\/v2\/pages\/1175\/revisions"}],"predecessor-version":[{"id":1465,"href":"https:\/\/www.creatique-technologie.com\/de\/wp-json\/wp\/v2\/pages\/1175\/revisions\/1465"}],"wp:attachment":[{"href":"https:\/\/www.creatique-technologie.com\/de\/wp-json\/wp\/v2\/media?parent=1175"}],"curies":[{"name":"wp","href":"https:\/\/api.w.org\/{rel}","templated":true}]}}