{"id":1190,"date":"2024-06-06T13:50:18","date_gmt":"2024-06-06T11:50:18","guid":{"rendered":"https:\/\/www.creatique-technologie.com\/mietvertraege\/"},"modified":"2025-01-20T11:57:51","modified_gmt":"2025-01-20T10:57:51","slug":"mietvertraege","status":"publish","type":"page","link":"https:\/\/www.creatique-technologie.com\/de\/weitere-serviceangebote\/mietvertraege\/","title":{"rendered":"MIETVERTR\u00c4GE"},"content":{"rendered":"<div class=\"wpb-content-wrapper\"><p>[vc_row][vc_column][vc_empty_space][vc_column_text]<span style=\"font-weight: 400;\">Sie ben\u00f6tigen ein Produkt nur vor\u00fcbergehend? Sie m\u00f6chten die Anfangsinvestition minimieren?<\/span><span style=\"font-weight: 400;\">Bei Cr\u00e9atique haben Sie die M\u00f6glichkeit, Produkte auf Wochen-, Monats- und Jahresbasis zu mieten.<\/span><span style=\"font-weight: 400;\">Teilen Sie uns einfach mit, was genau Sie ben\u00f6tigen. Wir schlagen Ihnen passende L\u00f6sungen vor!<\/span>[\/vc_column_text][vc_btn title=&#8220;Wenden Sie sich an uns&#8220; style=&#8220;custom&#8220; custom_background=&#8220;#fe0000&#8243; custom_text=&#8220;#ffffff&#8220; shape=&#8220;round&#8220; align=&#8220;center&#8220; link=&#8220;url:https%3A%2F%2Fwww.creatique-technologie.com%2Fde%2Fkontakt%2F|&#8220; el_class=&#8220;fleche-btn-page&#8220;][\/vc_column][\/vc_row]<\/p>\n<\/div>","protected":false},"excerpt":{"rendered":"<p>[vc_row][vc_column][vc_empty_space][vc_column_text]Sie ben\u00f6tigen ein Produkt nur vor\u00fcbergehend? Sie m\u00f6chten die Anfangsinvestition minimieren?Bei Cr\u00e9atique haben Sie die M\u00f6glichkeit, Produkte auf Wochen-, Monats- und Jahresbasis zu mieten.Teilen Sie uns<span class=\"excerpt-hellip\"> [\u2026]<\/span><\/p>\n","protected":false},"author":1,"featured_media":0,"parent":1202,"menu_order":0,"comment_status":"closed","ping_status":"closed","template":"","meta":{"footnotes":""},"class_list":["post-1190","page","type-page","status-publish","hentry"],"yoast_head":"<!-- This site is optimized with the Yoast SEO plugin v27.5 - https:\/\/yoast.com\/product\/yoast-seo-wordpress\/ -->\n<title>Vermietung von Konnektivit\u00e4tsl\u00f6sungen im Bereich Transport<\/title>\n<meta name=\"robots\" content=\"index, follow, max-snippet:-1, max-image-preview:large, max-video-preview:-1\" \/>\n<link rel=\"canonical\" href=\"https:\/\/www.creatique-technologie.com\/de\/weitere-serviceangebote\/mietvertraege\/\" \/>\n<meta property=\"og:locale\" content=\"de_DE\" \/>\n<meta property=\"og:type\" content=\"article\" \/>\n<meta property=\"og:title\" content=\"Vermietung von Konnektivit\u00e4tsl\u00f6sungen im Bereich Transport\" \/>\n<meta property=\"og:description\" content=\"[vc_row][vc_column][vc_empty_space][vc_column_text]Sie ben\u00f6tigen ein Produkt nur vor\u00fcbergehend? Sie m\u00f6chten die Anfangsinvestition minimieren?Bei Cr\u00e9atique haben Sie die M\u00f6glichkeit, Produkte auf Wochen-, Monats- und Jahresbasis zu mieten.Teilen Sie uns [\u2026]\" \/>\n<meta property=\"og:url\" content=\"https:\/\/www.creatique-technologie.com\/de\/weitere-serviceangebote\/mietvertraege\/\" \/>\n<meta property=\"og:site_name\" content=\"Cr\u00e9atique Technologie\" \/>\n<meta property=\"article:modified_time\" content=\"2025-01-20T10:57:51+00:00\" \/>\n<meta name=\"twitter:card\" content=\"summary_large_image\" \/>\n<script type=\"application\/ld+json\" class=\"yoast-schema-graph\">{\"@context\":\"https:\\\/\\\/schema.org\",\"@graph\":[{\"@type\":\"WebPage\",\"@id\":\"https:\\\/\\\/www.creatique-technologie.com\\\/de\\\/weitere-serviceangebote\\\/mietvertraege\\\/\",\"url\":\"https:\\\/\\\/www.creatique-technologie.com\\\/de\\\/weitere-serviceangebote\\\/mietvertraege\\\/\",\"name\":\"Vermietung von Konnektivit\u00e4tsl\u00f6sungen im Bereich Transport\",\"isPartOf\":{\"@id\":\"https:\\\/\\\/www.creatique-technologie.com\\\/de\\\/#website\"},\"datePublished\":\"2024-06-06T11:50:18+00:00\",\"dateModified\":\"2025-01-20T10:57:51+00:00\",\"breadcrumb\":{\"@id\":\"https:\\\/\\\/www.creatique-technologie.com\\\/de\\\/weitere-serviceangebote\\\/mietvertraege\\\/#breadcrumb\"},\"inLanguage\":\"de\",\"potentialAction\":[{\"@type\":\"ReadAction\",\"target\":[\"https:\\\/\\\/www.creatique-technologie.com\\\/de\\\/weitere-serviceangebote\\\/mietvertraege\\\/\"]}]},{\"@type\":\"BreadcrumbList\",\"@id\":\"https:\\\/\\\/www.creatique-technologie.com\\\/de\\\/weitere-serviceangebote\\\/mietvertraege\\\/#breadcrumb\",\"itemListElement\":[{\"@type\":\"ListItem\",\"position\":1,\"name\":\"Accueil\",\"item\":\"https:\\\/\\\/www.creatique-technologie.com\\\/de\\\/\"},{\"@type\":\"ListItem\",\"position\":2,\"name\":\"WEITERE SERVICEANGEBOTE\",\"item\":\"https:\\\/\\\/www.creatique-technologie.com\\\/de\\\/autres-services\\\/\"},{\"@type\":\"ListItem\",\"position\":3,\"name\":\"MIETVERTR\u00c4GE\"}]},{\"@type\":\"WebSite\",\"@id\":\"https:\\\/\\\/www.creatique-technologie.com\\\/de\\\/#website\",\"url\":\"https:\\\/\\\/www.creatique-technologie.com\\\/de\\\/\",\"name\":\"Cr\u00e9atique Technologie\",\"description\":\"\",\"potentialAction\":[{\"@type\":\"SearchAction\",\"target\":{\"@type\":\"EntryPoint\",\"urlTemplate\":\"https:\\\/\\\/www.creatique-technologie.com\\\/de\\\/?s={search_term_string}\"},\"query-input\":{\"@type\":\"PropertyValueSpecification\",\"valueRequired\":true,\"valueName\":\"search_term_string\"}}],\"inLanguage\":\"de\"}]}<\/script>\n<!-- \/ Yoast SEO plugin. -->","yoast_head_json":{"title":"Vermietung von Konnektivit\u00e4tsl\u00f6sungen im Bereich Transport","robots":{"index":"index","follow":"follow","max-snippet":"max-snippet:-1","max-image-preview":"max-image-preview:large","max-video-preview":"max-video-preview:-1"},"canonical":"https:\/\/www.creatique-technologie.com\/de\/weitere-serviceangebote\/mietvertraege\/","og_locale":"de_DE","og_type":"article","og_title":"Vermietung von Konnektivit\u00e4tsl\u00f6sungen im Bereich Transport","og_description":"[vc_row][vc_column][vc_empty_space][vc_column_text]Sie ben\u00f6tigen ein Produkt nur vor\u00fcbergehend? Sie m\u00f6chten die Anfangsinvestition minimieren?Bei Cr\u00e9atique haben Sie die M\u00f6glichkeit, Produkte auf Wochen-, Monats- und Jahresbasis zu mieten.Teilen Sie uns [\u2026]","og_url":"https:\/\/www.creatique-technologie.com\/de\/weitere-serviceangebote\/mietvertraege\/","og_site_name":"Cr\u00e9atique Technologie","article_modified_time":"2025-01-20T10:57:51+00:00","twitter_card":"summary_large_image","schema":{"@context":"https:\/\/schema.org","@graph":[{"@type":"WebPage","@id":"https:\/\/www.creatique-technologie.com\/de\/weitere-serviceangebote\/mietvertraege\/","url":"https:\/\/www.creatique-technologie.com\/de\/weitere-serviceangebote\/mietvertraege\/","name":"Vermietung von Konnektivit\u00e4tsl\u00f6sungen im Bereich Transport","isPartOf":{"@id":"https:\/\/www.creatique-technologie.com\/de\/#website"},"datePublished":"2024-06-06T11:50:18+00:00","dateModified":"2025-01-20T10:57:51+00:00","breadcrumb":{"@id":"https:\/\/www.creatique-technologie.com\/de\/weitere-serviceangebote\/mietvertraege\/#breadcrumb"},"inLanguage":"de","potentialAction":[{"@type":"ReadAction","target":["https:\/\/www.creatique-technologie.com\/de\/weitere-serviceangebote\/mietvertraege\/"]}]},{"@type":"BreadcrumbList","@id":"https:\/\/www.creatique-technologie.com\/de\/weitere-serviceangebote\/mietvertraege\/#breadcrumb","itemListElement":[{"@type":"ListItem","position":1,"name":"Accueil","item":"https:\/\/www.creatique-technologie.com\/de\/"},{"@type":"ListItem","position":2,"name":"WEITERE SERVICEANGEBOTE","item":"https:\/\/www.creatique-technologie.com\/de\/autres-services\/"},{"@type":"ListItem","position":3,"name":"MIETVERTR\u00c4GE"}]},{"@type":"WebSite","@id":"https:\/\/www.creatique-technologie.com\/de\/#website","url":"https:\/\/www.creatique-technologie.com\/de\/","name":"Cr\u00e9atique Technologie","description":"","potentialAction":[{"@type":"SearchAction","target":{"@type":"EntryPoint","urlTemplate":"https:\/\/www.creatique-technologie.com\/de\/?s={search_term_string}"},"query-input":{"@type":"PropertyValueSpecification","valueRequired":true,"valueName":"search_term_string"}}],"inLanguage":"de"}]}},"jetpack_sharing_enabled":true,"_links":{"self":[{"href":"https:\/\/www.creatique-technologie.com\/de\/wp-json\/wp\/v2\/pages\/1190","targetHints":{"allow":["GET"]}}],"collection":[{"href":"https:\/\/www.creatique-technologie.com\/de\/wp-json\/wp\/v2\/pages"}],"about":[{"href":"https:\/\/www.creatique-technologie.com\/de\/wp-json\/wp\/v2\/types\/page"}],"author":[{"embeddable":true,"href":"https:\/\/www.creatique-technologie.com\/de\/wp-json\/wp\/v2\/users\/1"}],"replies":[{"embeddable":true,"href":"https:\/\/www.creatique-technologie.com\/de\/wp-json\/wp\/v2\/comments?post=1190"}],"version-history":[{"count":8,"href":"https:\/\/www.creatique-technologie.com\/de\/wp-json\/wp\/v2\/pages\/1190\/revisions"}],"predecessor-version":[{"id":1441,"href":"https:\/\/www.creatique-technologie.com\/de\/wp-json\/wp\/v2\/pages\/1190\/revisions\/1441"}],"up":[{"embeddable":true,"href":"https:\/\/www.creatique-technologie.com\/de\/wp-json\/wp\/v2\/pages\/1202"}],"wp:attachment":[{"href":"https:\/\/www.creatique-technologie.com\/de\/wp-json\/wp\/v2\/media?parent=1190"}],"curies":[{"name":"wp","href":"https:\/\/api.w.org\/{rel}","templated":true}]}}