{"id":1214,"date":"2024-06-06T11:50:31","date_gmt":"2024-06-06T09:50:31","guid":{"rendered":"https:\/\/www.creatique-technologie.com\/wartungsvertraege\/"},"modified":"2025-01-20T11:56:52","modified_gmt":"2025-01-20T10:56:52","slug":"wartungsvertraege","status":"publish","type":"page","link":"https:\/\/www.creatique-technologie.com\/de\/kundendienst\/wartungsvertraege\/","title":{"rendered":"WARTUNGSVERTR\u00c4GE"},"content":{"rendered":"<div class=\"wpb-content-wrapper\"><p>[vc_row][vc_column][vc_empty_space][vc_column_text el_class=&#8220;justify&#8220;]Profitieren Sie von optimaler operationeller Verf\u00fcgbarkeit durch priorisierten Support. <\/p>\n<p>CREATIQUE bietet f\u00fcr alle von unserem Unternehmen bereitgestellten Systeme <span class=\"fort\">Wartungsvertr\u00e4ge<\/span> an, die sowohl <span class=\"fort\">technischen Support<\/span> als auch <span class=\"fort\">pr\u00e4ventive<\/span> und <span class=\"fort\">korrektive Wartung<\/span> beinhalten. <\/p>\n<p>Neben der <a href=\"https:\/\/www.creatique-technologie.com\/de\/weitere-serviceangebote\/schulung\/\">Anwenderschulung<\/a> und den Wartungsteams, die sich um die Inbetriebnahme k\u00fcmmern, kann f\u00fcr die gesamte Produktlebensdauer auch ein technischer Support vereinbart werden. <\/p>\n<p>Ziel der pr\u00e4ventiven Wartung ist ein Plan zur regelm\u00e4\u00dfigen Kontrolle der in Ihrem Unternehmen verwendeten Systeme: Austausch von Verschlei\u00dfteilen, \u00dcberpr\u00fcfung der Ger\u00e4te und Gew\u00e4hrleistung der allgemeinen Funktionalit\u00e4t. Nach Abschluss der pr\u00e4ventiven Wartung wird ein Protokoll angefertigt, das die volle Funktionst\u00fcchtigkeit des Produkts garantiert. <\/p>\n<p>Die <strong class=\"d2b1\">korrektive Wartung<\/strong> stellt einen Service zur Erkennung (Fernwartung\/vor Ort) und Behebung m\u00f6glicher Ger\u00e4teausf\u00e4lle dar, unabh\u00e4ngig davon, ob diese der vertragliche Garantiepflicht unterliegen oder nicht. Sie haben die Gew\u00e4hr, dass unser Team sich schnell und effizient um das Problem k\u00fcmmert. Dadurch werden negative Auswirkungen auf die Produktion minimiert. <\/p>\n<p><span class=\"fort\">Unsere Vertr\u00e4ge beziehen sich auf <strong class=\"d2b1\">pr\u00e4ventive Wartung<\/strong> und k\u00f6nnen um verschiedene Optionen f\u00fcr <strong class=\"d2b1\">korrektive Wartung<\/strong> erweitert werden.<\/span>[\/vc_column_text][vc_btn title=&#8220;Fordern Sie Ihren WARTUNGSVERTRAG an&#8220; style=&#8220;custom&#8220; custom_background=&#8220;#fe0000&#8243; custom_text=&#8220;#ffffff&#8220; shape=&#8220;round&#8220; align=&#8220;center&#8220; link=&#8220;url:https%3A%2F%2Fwww.creatique-technologie.com%2Fde%2Fkontakt%2F|&#8220; el_class=&#8220;fleche-btn-page&#8220;][\/vc_column][\/vc_row]<\/p>\n<\/div>","protected":false},"excerpt":{"rendered":"<p>[vc_row][vc_column][vc_empty_space][vc_column_text el_class=&#8220;justify&#8220;]Profitieren Sie von optimaler operationeller Verf\u00fcgbarkeit durch priorisierten Support. CREATIQUE bietet f\u00fcr alle von unserem Unternehmen bereitgestellten Systeme Wartungsvertr\u00e4ge an, die sowohl technischen Support als<span class=\"excerpt-hellip\"> [\u2026]<\/span><\/p>\n","protected":false},"author":1,"featured_media":0,"parent":1217,"menu_order":0,"comment_status":"closed","ping_status":"closed","template":"","meta":{"footnotes":""},"class_list":["post-1214","page","type-page","status-publish","hentry"],"yoast_head":"<!-- This site is optimized with the Yoast SEO plugin v27.5 - https:\/\/yoast.com\/product\/yoast-seo-wordpress\/ -->\n<title>Pr\u00e4ventive und korrektive Wartung f\u00fcr elektronische Konnektivit\u00e4tsl\u00f6sungen<\/title>\n<meta name=\"description\" content=\"Um die effektive Verwendung unserer Produkte langfristig zu gew\u00e4hrleisten, bietet CREATIQUE Wartungsvertr\u00e4ge an. Kontaktieren Sie uns!\" \/>\n<meta name=\"robots\" content=\"index, follow, max-snippet:-1, max-image-preview:large, max-video-preview:-1\" \/>\n<link rel=\"canonical\" href=\"https:\/\/www.creatique-technologie.com\/de\/kundendienst\/wartungsvertraege\/\" \/>\n<meta property=\"og:locale\" content=\"de_DE\" \/>\n<meta property=\"og:type\" content=\"article\" \/>\n<meta property=\"og:title\" content=\"Pr\u00e4ventive und korrektive Wartung f\u00fcr elektronische Konnektivit\u00e4tsl\u00f6sungen\" \/>\n<meta property=\"og:description\" content=\"Um die effektive Verwendung unserer Produkte langfristig zu gew\u00e4hrleisten, bietet CREATIQUE Wartungsvertr\u00e4ge an. Kontaktieren Sie uns!\" \/>\n<meta property=\"og:url\" content=\"https:\/\/www.creatique-technologie.com\/de\/kundendienst\/wartungsvertraege\/\" \/>\n<meta property=\"og:site_name\" content=\"Cr\u00e9atique Technologie\" \/>\n<meta property=\"article:modified_time\" content=\"2025-01-20T10:56:52+00:00\" \/>\n<meta name=\"twitter:card\" content=\"summary_large_image\" \/>\n<meta name=\"twitter:label1\" content=\"Gesch\u00e4tzte Lesezeit\" \/>\n\t<meta name=\"twitter:data1\" content=\"1\u00a0Minute\" \/>\n<script type=\"application\/ld+json\" class=\"yoast-schema-graph\">{\"@context\":\"https:\\\/\\\/schema.org\",\"@graph\":[{\"@type\":\"WebPage\",\"@id\":\"https:\\\/\\\/www.creatique-technologie.com\\\/de\\\/kundendienst\\\/wartungsvertraege\\\/\",\"url\":\"https:\\\/\\\/www.creatique-technologie.com\\\/de\\\/kundendienst\\\/wartungsvertraege\\\/\",\"name\":\"Pr\u00e4ventive und korrektive Wartung f\u00fcr elektronische Konnektivit\u00e4tsl\u00f6sungen\",\"isPartOf\":{\"@id\":\"https:\\\/\\\/www.creatique-technologie.com\\\/de\\\/#website\"},\"datePublished\":\"2024-06-06T09:50:31+00:00\",\"dateModified\":\"2025-01-20T10:56:52+00:00\",\"description\":\"Um die effektive Verwendung unserer Produkte langfristig zu gew\u00e4hrleisten, bietet CREATIQUE Wartungsvertr\u00e4ge an. Kontaktieren Sie uns!\",\"breadcrumb\":{\"@id\":\"https:\\\/\\\/www.creatique-technologie.com\\\/de\\\/kundendienst\\\/wartungsvertraege\\\/#breadcrumb\"},\"inLanguage\":\"de\",\"potentialAction\":[{\"@type\":\"ReadAction\",\"target\":[\"https:\\\/\\\/www.creatique-technologie.com\\\/de\\\/kundendienst\\\/wartungsvertraege\\\/\"]}]},{\"@type\":\"BreadcrumbList\",\"@id\":\"https:\\\/\\\/www.creatique-technologie.com\\\/de\\\/kundendienst\\\/wartungsvertraege\\\/#breadcrumb\",\"itemListElement\":[{\"@type\":\"ListItem\",\"position\":1,\"name\":\"Accueil\",\"item\":\"https:\\\/\\\/www.creatique-technologie.com\\\/de\\\/\"},{\"@type\":\"ListItem\",\"position\":2,\"name\":\"Kundendienst\",\"item\":\"https:\\\/\\\/www.creatique-technologie.com\\\/de\\\/service-apres-vente\\\/\"},{\"@type\":\"ListItem\",\"position\":3,\"name\":\"WARTUNGSVERTR\u00c4GE\"}]},{\"@type\":\"WebSite\",\"@id\":\"https:\\\/\\\/www.creatique-technologie.com\\\/de\\\/#website\",\"url\":\"https:\\\/\\\/www.creatique-technologie.com\\\/de\\\/\",\"name\":\"Cr\u00e9atique Technologie\",\"description\":\"\",\"potentialAction\":[{\"@type\":\"SearchAction\",\"target\":{\"@type\":\"EntryPoint\",\"urlTemplate\":\"https:\\\/\\\/www.creatique-technologie.com\\\/de\\\/?s={search_term_string}\"},\"query-input\":{\"@type\":\"PropertyValueSpecification\",\"valueRequired\":true,\"valueName\":\"search_term_string\"}}],\"inLanguage\":\"de\"}]}<\/script>\n<!-- \/ Yoast SEO plugin. -->","yoast_head_json":{"title":"Pr\u00e4ventive und korrektive Wartung f\u00fcr elektronische Konnektivit\u00e4tsl\u00f6sungen","description":"Um die effektive Verwendung unserer Produkte langfristig zu gew\u00e4hrleisten, bietet CREATIQUE Wartungsvertr\u00e4ge an. Kontaktieren Sie uns!","robots":{"index":"index","follow":"follow","max-snippet":"max-snippet:-1","max-image-preview":"max-image-preview:large","max-video-preview":"max-video-preview:-1"},"canonical":"https:\/\/www.creatique-technologie.com\/de\/kundendienst\/wartungsvertraege\/","og_locale":"de_DE","og_type":"article","og_title":"Pr\u00e4ventive und korrektive Wartung f\u00fcr elektronische Konnektivit\u00e4tsl\u00f6sungen","og_description":"Um die effektive Verwendung unserer Produkte langfristig zu gew\u00e4hrleisten, bietet CREATIQUE Wartungsvertr\u00e4ge an. Kontaktieren Sie uns!","og_url":"https:\/\/www.creatique-technologie.com\/de\/kundendienst\/wartungsvertraege\/","og_site_name":"Cr\u00e9atique Technologie","article_modified_time":"2025-01-20T10:56:52+00:00","twitter_card":"summary_large_image","twitter_misc":{"Gesch\u00e4tzte Lesezeit":"1\u00a0Minute"},"schema":{"@context":"https:\/\/schema.org","@graph":[{"@type":"WebPage","@id":"https:\/\/www.creatique-technologie.com\/de\/kundendienst\/wartungsvertraege\/","url":"https:\/\/www.creatique-technologie.com\/de\/kundendienst\/wartungsvertraege\/","name":"Pr\u00e4ventive und korrektive Wartung f\u00fcr elektronische Konnektivit\u00e4tsl\u00f6sungen","isPartOf":{"@id":"https:\/\/www.creatique-technologie.com\/de\/#website"},"datePublished":"2024-06-06T09:50:31+00:00","dateModified":"2025-01-20T10:56:52+00:00","description":"Um die effektive Verwendung unserer Produkte langfristig zu gew\u00e4hrleisten, bietet CREATIQUE Wartungsvertr\u00e4ge an. Kontaktieren Sie uns!","breadcrumb":{"@id":"https:\/\/www.creatique-technologie.com\/de\/kundendienst\/wartungsvertraege\/#breadcrumb"},"inLanguage":"de","potentialAction":[{"@type":"ReadAction","target":["https:\/\/www.creatique-technologie.com\/de\/kundendienst\/wartungsvertraege\/"]}]},{"@type":"BreadcrumbList","@id":"https:\/\/www.creatique-technologie.com\/de\/kundendienst\/wartungsvertraege\/#breadcrumb","itemListElement":[{"@type":"ListItem","position":1,"name":"Accueil","item":"https:\/\/www.creatique-technologie.com\/de\/"},{"@type":"ListItem","position":2,"name":"Kundendienst","item":"https:\/\/www.creatique-technologie.com\/de\/service-apres-vente\/"},{"@type":"ListItem","position":3,"name":"WARTUNGSVERTR\u00c4GE"}]},{"@type":"WebSite","@id":"https:\/\/www.creatique-technologie.com\/de\/#website","url":"https:\/\/www.creatique-technologie.com\/de\/","name":"Cr\u00e9atique Technologie","description":"","potentialAction":[{"@type":"SearchAction","target":{"@type":"EntryPoint","urlTemplate":"https:\/\/www.creatique-technologie.com\/de\/?s={search_term_string}"},"query-input":{"@type":"PropertyValueSpecification","valueRequired":true,"valueName":"search_term_string"}}],"inLanguage":"de"}]}},"jetpack_sharing_enabled":true,"_links":{"self":[{"href":"https:\/\/www.creatique-technologie.com\/de\/wp-json\/wp\/v2\/pages\/1214","targetHints":{"allow":["GET"]}}],"collection":[{"href":"https:\/\/www.creatique-technologie.com\/de\/wp-json\/wp\/v2\/pages"}],"about":[{"href":"https:\/\/www.creatique-technologie.com\/de\/wp-json\/wp\/v2\/types\/page"}],"author":[{"embeddable":true,"href":"https:\/\/www.creatique-technologie.com\/de\/wp-json\/wp\/v2\/users\/1"}],"replies":[{"embeddable":true,"href":"https:\/\/www.creatique-technologie.com\/de\/wp-json\/wp\/v2\/comments?post=1214"}],"version-history":[{"count":5,"href":"https:\/\/www.creatique-technologie.com\/de\/wp-json\/wp\/v2\/pages\/1214\/revisions"}],"predecessor-version":[{"id":1420,"href":"https:\/\/www.creatique-technologie.com\/de\/wp-json\/wp\/v2\/pages\/1214\/revisions\/1420"}],"up":[{"embeddable":true,"href":"https:\/\/www.creatique-technologie.com\/de\/wp-json\/wp\/v2\/pages\/1217"}],"wp:attachment":[{"href":"https:\/\/www.creatique-technologie.com\/de\/wp-json\/wp\/v2\/media?parent=1214"}],"curies":[{"name":"wp","href":"https:\/\/api.w.org\/{rel}","templated":true}]}}