{"id":1217,"date":"2024-04-12T13:51:16","date_gmt":"2024-04-12T11:51:16","guid":{"rendered":"https:\/\/www.creatique-technologie.com\/kundendienst\/"},"modified":"2025-01-20T11:56:45","modified_gmt":"2025-01-20T10:56:45","slug":"kundendienst","status":"publish","type":"page","link":"https:\/\/www.creatique-technologie.com\/de\/kundendienst\/","title":{"rendered":"Kundendienst"},"content":{"rendered":"<div class=\"wpb-content-wrapper\"><p>[vc_row][vc_column][vc_empty_space][vc_column_text el_class=&#8220;justify&#8220;]<span style=\"font-weight: 400;\">Unser Serviceangebot st\u00fctzt sich auf die Erfahrung, die unsere Teams im Lauf von \u00fcber 30 Jahren bei zahlreichen Unternehmen im Rahmen von Entwicklungs- und Industrialisierungsprojekten erworben haben. In enger Zusammenarbeit mit Konstrukteuren und Firmen, die Pr\u00fcfst\u00e4nde und Spezialausr\u00fcstung ben\u00f6tigen, wurden in dieser Zeit mehr als 100\u00a0000 Steckverbinder f\u00fcr den Einsatz unter technisch besonders anspruchsvollen Bedingungen verbaut.<\/span><span style=\"font-weight: 400;\">F\u00fcr uns hat die Zufriedenheit unserer Kunden oberste Priorit\u00e4t. Aus diesem Grund bietet CREATIQUE einen Service an, der sich dem Kunden anpasst und mit ihm w\u00e4chst. Dieser umfassende Service beginnt mit der Lieferung des gew\u00fcnschten Produkts und schlie\u00dft das EOL-Management mit ein.<\/span><span style=\"font-weight: 400;\">Erg\u00e4nzt wird unser Angebot durch Schulungen, die Realisierung von Leistungsbeschreibungen und\/oder die Durchf\u00fchrung technischer Studien zu Produkt\/Prozess-Schnittstellen.<\/span><span style=\"font-weight: 400;\">Dar\u00fcber hinaus bietet CR\u00c9ATIQUE Finanzierungsl\u00f6sungen wie beispielsweise kurz- oder langfristige Mietvertr\u00e4ge an (Wenden Sie sich an uns).<\/span>[\/vc_column_text][vc_btn title=&#8220;Wenden Sie sich an uns&#8220; style=&#8220;custom&#8220; custom_background=&#8220;#fe0000&#8243; custom_text=&#8220;#ffffff&#8220; shape=&#8220;round&#8220; align=&#8220;center&#8220; link=&#8220;url:%23|&#8220; el_class=&#8220;fleche-btn-page&#8220;][\/vc_column][\/vc_row][vc_row css=&#8220;.vc_custom_1724685170142{margin-bottom: 50px !important;padding-top: 20px !important;padding-right: 40px !important;padding-bottom: 20px !important;padding-left: 40px !important;background-color: #ffffff !important;border-radius: 20px !important;}&#8220; el_class=&#8220;padding-cote-zero&#8220;][vc_column][vc_column_text el_class=&#8220;h2 fort montserrat habillage-titre txt-rouge&#8220;]WARTUNGSVERTR\u00c4GE[\/vc_column_text][vc_row_inner gap=&#8220;20&#8243;][vc_column_inner width=&#8220;2\/3&#8243;][vc_column_text el_class=&#8220;justify&#8220;]Profitieren Sie von optimaler operationeller Verf\u00fcgbarkeit durch priorisierten Support f\u00fcr Ihre Produktionsanlagen. <\/p>\n<p>CREATIQUE bietet f\u00fcr alle von unserem Unternehmen bereitgestellten Systeme Wartungsvertr\u00e4ge an, die sowohl technischen Support als auch pr\u00e4ventive und korrektive Wartung beinhalten.[\/vc_column_text][vc_btn title=&#8220;Mehr erfahren&#8220; style=&#8220;custom&#8220; custom_background=&#8220;#fe0000&#8243; custom_text=&#8220;#ffffff&#8220; shape=&#8220;round&#8220; align=&#8220;center&#8220; link=&#8220;url:https%3A%2F%2Fwww.creatique-technologie.com%2Fde%2Fkundendienst%2Fwartungsvertraege%2F|title:WARTUNGSVERTR%C3%84GE|&#8220; el_class=&#8220;fleche-btn-page&#8220;][\/vc_column_inner][vc_column_inner width=&#8220;1\/3&#8243;][\/vc_column_inner][\/vc_row_inner][\/vc_column][\/vc_row][vc_row css=&#8220;.vc_custom_1724685181506{margin-bottom: 50px !important;padding-top: 20px !important;padding-right: 40px !important;padding-bottom: 20px !important;padding-left: 40px !important;background-color: #ffffff !important;border-radius: 20px !important;}&#8220; el_class=&#8220;padding-cote-zero&#8220;][vc_column][vc_column_text el_class=&#8220;h2 fort montserrat habillage-titre txt-rouge&#8220;]KALIBRIERUNG[\/vc_column_text][vc_row_inner gap=&#8220;20&#8243; el_class=&#8220;inverse&#8220;][vc_column_inner width=&#8220;2\/3&#8243;][vc_column_text el_class=&#8220;justify&#8220;]<span style=\"font-weight: 400;\">CREATIQUE ist gem\u00e4\u00df ISO 9001 zertifiziert und gew\u00e4hrleistet die regelm\u00e4\u00dfige Kalibrierung der beim Kunden installierten Pr\u00fcfmittel.\u00a0 Die Kalibrierung erfolgt dort, wo die Systeme verwendet werden.\u00a0\u00a0\u00a0<\/span><span style=\"font-weight: 400;\">Falls vom Kunden gew\u00fcnscht, vermittelt CREATIQUE zertifizierte Partner (z. B. Zulassung gem\u00e4\u00df\u00a0 ISO17025).<\/span>[\/vc_column_text][vc_btn title=&#8220;Mehr erfahren&#8220; style=&#8220;custom&#8220; custom_background=&#8220;#fe0000&#8243; custom_text=&#8220;#ffffff&#8220; shape=&#8220;round&#8220; align=&#8220;center&#8220; link=&#8220;url:https%3A%2F%2Fwww.creatique-technologie.com%2Fde%2Fkundendienst%2Fkalibrierung-von-pruefmitteln%2F|title:KALIBRIERUNG|&#8220; el_class=&#8220;fleche-btn-page&#8220;][\/vc_column_inner][vc_column_inner width=&#8220;1\/3&#8243;][\/vc_column_inner][\/vc_row_inner][\/vc_column][\/vc_row][vc_row css=&#8220;.vc_custom_1713274558537{margin-bottom: 50px !important;padding-top: 20px !important;padding-right: 40px !important;padding-bottom: 20px !important;padding-left: 40px !important;background-color: #ffffff !important;border-radius: 20px !important;}&#8220;][vc_column][vc_column_text el_class=&#8220;h2 fort montserrat habillage-titre txt-rouge&#8220;]FERNDIAGNOSE[\/vc_column_text][vc_row_inner gap=&#8220;20&#8243;][vc_column_inner width=&#8220;2\/3&#8243;][vc_column_text el_class=&#8220;justify&#8220;]F\u00fcr Spezial-Pr\u00fcfst\u00e4nde und Ladestationen schl\u00e4gt CREATIQUE den Einsatz von Tools zur Ferndiagnose vor. Dies erm\u00f6glicht pr\u00e4ventive und korrigierende Ma\u00dfnahmen in Zusammenhang mit der Software und den Programmen, die vom jeweiligen System verwendet werden.<br \/>\nDieser Support-Service kann f\u00fcr einen Zeitraum von 6-9 Monaten ab der Installation oder dauerhaft gebucht werden. Der Support wird von dem Entwicklerteam bereitgestellt, das die L\u00f6sung konzipiert hat.[\/vc_column_text][vc_btn title=&#8220;Mehr erfahren&#8220; style=&#8220;custom&#8220; custom_background=&#8220;#fe0000&#8243; custom_text=&#8220;#ffffff&#8220; shape=&#8220;round&#8220; align=&#8220;center&#8220; link=&#8220;url:https%3A%2F%2Fwww.creatique-technologie.com%2Fservice-apres-vente%2Fremote-diagnostic%2F|title:FERNDIAGNOSE|&#8220; el_class=&#8220;fleche-btn-page&#8220;][\/vc_column_inner][vc_column_inner width=&#8220;1\/3&#8243;][\/vc_column_inner][\/vc_row_inner][\/vc_column][\/vc_row][vc_row css=&#8220;.vc_custom_1724685214640{margin-bottom: 50px !important;padding-top: 20px !important;padding-right: 40px !important;padding-bottom: 20px !important;padding-left: 40px !important;background-color: #ffffff !important;border-radius: 20px !important;}&#8220; el_class=&#8220;padding-cote-zero&#8220;][vc_column][vc_column_text el_class=&#8220;h2 fort montserrat habillage-titre txt-rouge&#8220;]END-OF-LIFE-MANAGEMENT BEI STECKVERBINDERN[\/vc_column_text][vc_row_inner gap=&#8220;20&#8243; el_class=&#8220;inverse&#8220;][vc_column_inner width=&#8220;2\/3&#8243;][vc_column_text el_class=&#8220;justify&#8220;]<span style=\"font-weight: 400;\">Wir bei CR\u00c9ATIQUE sind uns unserer Verantwortung in Bezug auf die Nutzung von Rohstoffen bewusst und verf\u00fcgen \u00fcber das notwendige Know-how, um alle Konnektivit\u00e4tsl\u00f6sungen optimal zu recyceln. Deshalb bieten wir unseren Kunden die R\u00fccknahme gebrauchter Steckverbinder an und gew\u00e4hrleisten eine fachgerechte Demontage und Wiederverwertung.<\/span>[\/vc_column_text][vc_btn title=&#8220;Mehr erfahren&#8220; style=&#8220;custom&#8220; custom_background=&#8220;#fe0000&#8243; custom_text=&#8220;#ffffff&#8220; shape=&#8220;round&#8220; align=&#8220;center&#8220; link=&#8220;url:https%3A%2F%2Fwww.creatique-technologie.com%2Fde%2Fkundendienst%2Fend-of-life-management-bei-steckverbindern%2F|title:END-OF-LIFE-MANAGEMENT%20BEI%20STECKVERBINDERN|&#8220; el_class=&#8220;fleche-btn-page&#8220;][\/vc_column_inner][vc_column_inner width=&#8220;1\/3&#8243;][\/vc_column_inner][\/vc_row_inner][\/vc_column][\/vc_row]<\/p>\n<\/div>","protected":false},"excerpt":{"rendered":"<p>[vc_row][vc_column][vc_empty_space][vc_column_text el_class=&#8220;justify&#8220;]Unser Serviceangebot st\u00fctzt sich auf die Erfahrung, die unsere Teams im Lauf von \u00fcber 30 Jahren bei zahlreichen Unternehmen im Rahmen von Entwicklungs- und Industrialisierungsprojekten<span class=\"excerpt-hellip\"> [\u2026]<\/span><\/p>\n","protected":false},"author":1,"featured_media":0,"parent":0,"menu_order":0,"comment_status":"closed","ping_status":"closed","template":"","meta":{"footnotes":""},"class_list":["post-1217","page","type-page","status-publish","hentry"],"yoast_head":"<!-- This site is optimized with the Yoast SEO plugin v27.5 - https:\/\/yoast.com\/product\/yoast-seo-wordpress\/ -->\n<title>Kundendienst - Cr\u00e9atique Technologie<\/title>\n<meta name=\"robots\" content=\"index, follow, max-snippet:-1, max-image-preview:large, max-video-preview:-1\" \/>\n<link rel=\"canonical\" href=\"https:\/\/www.creatique-technologie.com\/de\/kundendienst\/\" \/>\n<meta property=\"og:locale\" content=\"de_DE\" \/>\n<meta property=\"og:type\" content=\"article\" \/>\n<meta property=\"og:title\" content=\"Kundendienst - Cr\u00e9atique Technologie\" \/>\n<meta property=\"og:description\" content=\"[vc_row][vc_column][vc_empty_space][vc_column_text el_class=&#8220;justify&#8220;]Unser Serviceangebot st\u00fctzt sich auf die Erfahrung, die unsere Teams im Lauf von \u00fcber 30 Jahren bei zahlreichen Unternehmen im Rahmen von Entwicklungs- und Industrialisierungsprojekten [\u2026]\" \/>\n<meta property=\"og:url\" content=\"https:\/\/www.creatique-technologie.com\/de\/kundendienst\/\" \/>\n<meta property=\"og:site_name\" content=\"Cr\u00e9atique Technologie\" \/>\n<meta property=\"article:modified_time\" content=\"2025-01-20T10:56:45+00:00\" \/>\n<meta name=\"twitter:card\" content=\"summary_large_image\" \/>\n<meta name=\"twitter:label1\" content=\"Gesch\u00e4tzte Lesezeit\" \/>\n\t<meta name=\"twitter:data1\" content=\"4\u00a0Minuten\" \/>\n<script type=\"application\/ld+json\" class=\"yoast-schema-graph\">{\"@context\":\"https:\\\/\\\/schema.org\",\"@graph\":[{\"@type\":\"WebPage\",\"@id\":\"https:\\\/\\\/www.creatique-technologie.com\\\/de\\\/kundendienst\\\/\",\"url\":\"https:\\\/\\\/www.creatique-technologie.com\\\/de\\\/kundendienst\\\/\",\"name\":\"Kundendienst - Cr\u00e9atique Technologie\",\"isPartOf\":{\"@id\":\"https:\\\/\\\/www.creatique-technologie.com\\\/de\\\/#website\"},\"datePublished\":\"2024-04-12T11:51:16+00:00\",\"dateModified\":\"2025-01-20T10:56:45+00:00\",\"breadcrumb\":{\"@id\":\"https:\\\/\\\/www.creatique-technologie.com\\\/de\\\/kundendienst\\\/#breadcrumb\"},\"inLanguage\":\"de\",\"potentialAction\":[{\"@type\":\"ReadAction\",\"target\":[\"https:\\\/\\\/www.creatique-technologie.com\\\/de\\\/kundendienst\\\/\"]}]},{\"@type\":\"BreadcrumbList\",\"@id\":\"https:\\\/\\\/www.creatique-technologie.com\\\/de\\\/kundendienst\\\/#breadcrumb\",\"itemListElement\":[{\"@type\":\"ListItem\",\"position\":1,\"name\":\"Accueil\",\"item\":\"https:\\\/\\\/www.creatique-technologie.com\\\/de\\\/\"},{\"@type\":\"ListItem\",\"position\":2,\"name\":\"Kundendienst\"}]},{\"@type\":\"WebSite\",\"@id\":\"https:\\\/\\\/www.creatique-technologie.com\\\/de\\\/#website\",\"url\":\"https:\\\/\\\/www.creatique-technologie.com\\\/de\\\/\",\"name\":\"Cr\u00e9atique Technologie\",\"description\":\"\",\"potentialAction\":[{\"@type\":\"SearchAction\",\"target\":{\"@type\":\"EntryPoint\",\"urlTemplate\":\"https:\\\/\\\/www.creatique-technologie.com\\\/de\\\/?s={search_term_string}\"},\"query-input\":{\"@type\":\"PropertyValueSpecification\",\"valueRequired\":true,\"valueName\":\"search_term_string\"}}],\"inLanguage\":\"de\"}]}<\/script>\n<!-- \/ Yoast SEO plugin. -->","yoast_head_json":{"title":"Kundendienst - Cr\u00e9atique Technologie","robots":{"index":"index","follow":"follow","max-snippet":"max-snippet:-1","max-image-preview":"max-image-preview:large","max-video-preview":"max-video-preview:-1"},"canonical":"https:\/\/www.creatique-technologie.com\/de\/kundendienst\/","og_locale":"de_DE","og_type":"article","og_title":"Kundendienst - Cr\u00e9atique Technologie","og_description":"[vc_row][vc_column][vc_empty_space][vc_column_text el_class=&#8220;justify&#8220;]Unser Serviceangebot st\u00fctzt sich auf die Erfahrung, die unsere Teams im Lauf von \u00fcber 30 Jahren bei zahlreichen Unternehmen im Rahmen von Entwicklungs- und Industrialisierungsprojekten [\u2026]","og_url":"https:\/\/www.creatique-technologie.com\/de\/kundendienst\/","og_site_name":"Cr\u00e9atique Technologie","article_modified_time":"2025-01-20T10:56:45+00:00","twitter_card":"summary_large_image","twitter_misc":{"Gesch\u00e4tzte Lesezeit":"4\u00a0Minuten"},"schema":{"@context":"https:\/\/schema.org","@graph":[{"@type":"WebPage","@id":"https:\/\/www.creatique-technologie.com\/de\/kundendienst\/","url":"https:\/\/www.creatique-technologie.com\/de\/kundendienst\/","name":"Kundendienst - Cr\u00e9atique Technologie","isPartOf":{"@id":"https:\/\/www.creatique-technologie.com\/de\/#website"},"datePublished":"2024-04-12T11:51:16+00:00","dateModified":"2025-01-20T10:56:45+00:00","breadcrumb":{"@id":"https:\/\/www.creatique-technologie.com\/de\/kundendienst\/#breadcrumb"},"inLanguage":"de","potentialAction":[{"@type":"ReadAction","target":["https:\/\/www.creatique-technologie.com\/de\/kundendienst\/"]}]},{"@type":"BreadcrumbList","@id":"https:\/\/www.creatique-technologie.com\/de\/kundendienst\/#breadcrumb","itemListElement":[{"@type":"ListItem","position":1,"name":"Accueil","item":"https:\/\/www.creatique-technologie.com\/de\/"},{"@type":"ListItem","position":2,"name":"Kundendienst"}]},{"@type":"WebSite","@id":"https:\/\/www.creatique-technologie.com\/de\/#website","url":"https:\/\/www.creatique-technologie.com\/de\/","name":"Cr\u00e9atique Technologie","description":"","potentialAction":[{"@type":"SearchAction","target":{"@type":"EntryPoint","urlTemplate":"https:\/\/www.creatique-technologie.com\/de\/?s={search_term_string}"},"query-input":{"@type":"PropertyValueSpecification","valueRequired":true,"valueName":"search_term_string"}}],"inLanguage":"de"}]}},"jetpack_sharing_enabled":true,"_links":{"self":[{"href":"https:\/\/www.creatique-technologie.com\/de\/wp-json\/wp\/v2\/pages\/1217","targetHints":{"allow":["GET"]}}],"collection":[{"href":"https:\/\/www.creatique-technologie.com\/de\/wp-json\/wp\/v2\/pages"}],"about":[{"href":"https:\/\/www.creatique-technologie.com\/de\/wp-json\/wp\/v2\/types\/page"}],"author":[{"embeddable":true,"href":"https:\/\/www.creatique-technologie.com\/de\/wp-json\/wp\/v2\/users\/1"}],"replies":[{"embeddable":true,"href":"https:\/\/www.creatique-technologie.com\/de\/wp-json\/wp\/v2\/comments?post=1217"}],"version-history":[{"count":5,"href":"https:\/\/www.creatique-technologie.com\/de\/wp-json\/wp\/v2\/pages\/1217\/revisions"}],"predecessor-version":[{"id":1417,"href":"https:\/\/www.creatique-technologie.com\/de\/wp-json\/wp\/v2\/pages\/1217\/revisions\/1417"}],"wp:attachment":[{"href":"https:\/\/www.creatique-technologie.com\/de\/wp-json\/wp\/v2\/media?parent=1217"}],"curies":[{"name":"wp","href":"https:\/\/api.w.org\/{rel}","templated":true}]}}