{"id":1733,"date":"2026-03-26T10:56:35","date_gmt":"2026-03-26T09:56:35","guid":{"rendered":"https:\/\/www.creatique-technologie.com\/?page_id=1733"},"modified":"2026-03-26T10:56:35","modified_gmt":"2026-03-26T09:56:35","slug":"hochspannungssteckverbinder-fur-truck-und-bus","status":"publish","type":"page","link":"https:\/\/www.creatique-technologie.com\/de\/hochspannungssteckverbinder-fur-truck-und-bus\/","title":{"rendered":"HOCHSPANNUNGSSTECKVERBINDER F\u00dcR TRUCK UND BUS"},"content":{"rendered":"<div class=\"wpb-content-wrapper\"><p>[vc_row][vc_column][vc_empty_space][vc_column_text el_class=&#8220;h2 fort montserrat habillage-titre txt-rouge&#8220;]<\/p>\n<h2>Fabricant de connecteur forte puissance pour le secteur truck &amp; bus<\/h2>\n<p>[\/vc_column_text][vc_column_text]CR\u00c9ATIQUE hat seit 2010 im Rahmen des ersten Projekts f\u00fcr <strong class=\"d2b1\">Elektrofahrzeuge<\/strong> in Frankreich Erfahrungen bei der Fertigung von <strong class=\"d2b1\">industriellen Hochspannungssteckverbindern<\/strong> gesammelt und bietet ma\u00dfgeschneiderte L\u00f6sungen f\u00fcr<strong class=\"d2b1\"> Industrie-<\/strong> und Nutzfahrzeuge an, die sich durch folgende Merkmale auszeichnen: <\/p>\n<ul>\n<li>Ein hohes Ma\u00df an Zuverl\u00e4ssigkeit, das f\u00fcr den Einsatz in der Automobilindustrie unerl\u00e4sslich ist:\u00a0 Mehr als 100 000 Zyklen mit einer Taktzeit von weniger als 1 bis 5 Minuten garantiert<\/li>\n<li><strong class=\"d2b1\">Hochspannungssteckverbinder<\/strong> mit einer Kapazit\u00e4t von mehr als 1500 A und 3000 V<\/li>\n<li>Einfache <span class=\"fort\">Reparatur<\/span>:\u00a0 Ein Grundprinzip unseres Designkonzepts<\/li>\n<li><span class=\"fort\">Ergonomie<\/span>:\u00a0 F\u00fcr manuelle, halbautomatische oder robotisierte Produktionslinien<\/li>\n<li>Kostenoptimierung:\u00a0 Dank Eigenherstellung technischer Komponenten mittels moderner 3D-Drucktechnik.<\/li>\n<\/ul>\n<p>Umfangreiche Erfahrung als Entwickler f\u00fcr s\u00e4mtliche europ\u00e4ischen Marken und Mitarbeiter, die bei f\u00fchrenden Automobilerstellern besch\u00e4ftigt waren, versetzen CR\u00c9ATIQUE in die Lage, alle Branchenstandards umzusetzen. <\/p>\n<p>CR\u00c9ATIQUE ist spezialisiert auf <strong class=\"d2b1\">einheitliche Konzeption und Konstruktion von Steckverbindern f\u00fcr den industriellen Bereich<\/strong> und kann hohe St\u00fcckzahlen f\u00fcr 4&#215;2-LKW ebenso liefern wie Sonderanfertigungen mit 1000 St\u00fcck pro Jahr. <\/p>\n<p>Mehr als 50 in Europa, Amerika, Asien und der T\u00fcrkei ans\u00e4ssige Unternehmen aus der Automobilbranche verwenden die Produkte von CR\u00c9ATIQUE.[\/vc_column_text][vc_btn title=&#8220;Wenden Sie sich an uns&#8220; style=&#8220;custom&#8220; custom_background=&#8220;#fe0000&#8243; custom_text=&#8220;#ffffff&#8220; shape=&#8220;round&#8220; align=&#8220;center&#8220; link=&#8220;url:https%3A%2F%2Fwww.creatique-technologie.com%2Fde%2Fkontakt%2F|&#8220; el_class=&#8220;fleche-btn-page&#8220;][\/vc_column][\/vc_row][vc_row content_placement=&#8220;middle&#8220;][vc_column width=&#8220;1\/2&#8243;][vc_empty_space][vc_column_text el_class=&#8220;h2 fort montserrat habillage-titre txt-rouge&#8220;]<\/p>\n<h2>Syst\u00e8me de test \u00e9lectrique pour l&#8217;industrie ferroviaire<\/h2>\n<p>[\/vc_column_text][vc_column_text]Dans le <strong class=\"d2b1\">domaine ferroviaire<\/strong>, un vaste \u00e9ventail d\u2019\u00e9quipements requiert des test et des <strong class=\"d2b1\">bancs d\u2019essai pour <\/strong>le<strong class=\"d2b1\"> domaine de la mobilit\u00e9<\/strong>\u00a0approfondies pour garantir leur fiabilit\u00e9 et leur conformit\u00e9 aux normes de s\u00e9curit\u00e9 strictes de l\u2019<strong class=\"d2b1\">industrie de la mobilit\u00e9<\/strong>.<\/p>\n<p>Notre entreprise fournit des solutions techniques de haute qualit\u00e9, d\u00e9velopp\u00e9es en \u00e9troite collaboration avec nos clients. En comprenant les d\u00e9fis uniques et les exigences sp\u00e9cifiques de l\u2019<strong class=\"d2b1\">industrie ferroviaire<\/strong>, nous concevons des solutions sur mesure qui r\u00e9pondent pr\u00e9cis\u00e9ment leurs besoins op\u00e9rationnels.<\/p>\n<p>Que ce soit pour des tests de validation initiaux, des essais de performance en conditions r\u00e9elles ou des proc\u00e9dures de maintenance pr\u00e9ventive, notre \u00e9quipe est l\u00e0 pour fournir une solution technique compl\u00e8te. En combinant notre expertise technique avec un engagement ind\u00e9fectible envers la satisfaction client, nous sommes en mesure d\u2019offrir des solutions de pointe qui contribuent au d\u00e9veloppement de l\u2019industrie ferroviaire.[\/vc_column_text][vc_btn title=&#8220;Wenden Sie sich an uns&#8220; style=&#8220;custom&#8220; custom_background=&#8220;#fe0000&#8243; custom_text=&#8220;#ffffff&#8220; shape=&#8220;round&#8220; align=&#8220;center&#8220; link=&#8220;url:https%3A%2F%2Fwww.creatique-technologie.com%2Fde%2Fkontakt%2F|&#8220; el_class=&#8220;fleche-btn-page&#8220;][\/vc_column][vc_column width=&#8220;1\/2&#8243; el_class=&#8220;img-moitier img-train&#8220;][vc_single_image image=&#8220;880&#8243; img_size=&#8220;full&#8220; alignment=&#8220;center&#8220; css_animation=&#8220;fadeInRight&#8220;][\/vc_column][\/vc_row][vc_row content_placement=&#8220;middle&#8220;][vc_column width=&#8220;1\/2&#8243; el_class=&#8220;img-moitier img-avion&#8220;][vc_single_image image=&#8220;878&#8243; img_size=&#8220;full&#8220; alignment=&#8220;center&#8220; css_animation=&#8220;fadeInLeft&#8220;][\/vc_column][vc_column width=&#8220;1\/2&#8243;][vc_empty_space][vc_column_text el_class=&#8220;h2 fort montserrat habillage-titre txt-rouge&#8220;]<\/p>\n<h3>Solution de connectique pour le secteur de l&#8217;a\u00e9ronautique<\/h3>\n<p>[\/vc_column_text][vc_column_text]Forte de son exp\u00e9rience et de son savoir-faire dans ce domaine exigeant, CREATIQUE se positionne comme un industriel. R\u00e9pondant parfaitement aux d\u00e9fis uniques auxquels sont confront\u00e9s nos clients dans le <strong class=\"d2b1\">secteur a\u00e9ronautique <\/strong>avec qui, nous travaillons en \u00e9troite collaboration pour garantir que chaque projet soit r\u00e9alis\u00e9 dans les objectifs contractualis\u00e9s.<\/p>\n<p>Que vous ayez besoin de solutions \u00e9prouv\u00e9es pour des <strong class=\"d2b1\">tests sp\u00e9cifiques pour les \u00e9quipements a\u00e9ronautiques<\/strong> ou d\u2019un support client r\u00e9actif pour r\u00e9soudre des probl\u00e8mes complexes, notre \u00e9quipe est l\u00e0 pour r\u00e9pondre \u00e0 vos besoins. Nous nous engageons \u00e0 vous offrir des solutions sur mesure, con\u00e7ues pour r\u00e9pondre \u00e0 vos exigences les plus pointues tout en respectant les normes de s\u00e9curit\u00e9 et de qualit\u00e9 les plus strictes de l\u2019<strong class=\"d2b1\">industrie a\u00e9ronautique<\/strong>.[\/vc_column_text][vc_btn title=&#8220;Wenden Sie sich an uns&#8220; style=&#8220;custom&#8220; custom_background=&#8220;#fe0000&#8243; custom_text=&#8220;#ffffff&#8220; shape=&#8220;round&#8220; align=&#8220;center&#8220; link=&#8220;url:https%3A%2F%2Fwww.creatique-technologie.com%2Fde%2Fkontakt%2F|&#8220; el_class=&#8220;fleche-btn-page&#8220;][\/vc_column][\/vc_row]<\/p>\n<\/div>","protected":false},"excerpt":{"rendered":"<p>[vc_row][vc_column][vc_empty_space][vc_column_text el_class=&#8220;h2 fort montserrat habillage-titre txt-rouge&#8220;] Fabricant de connecteur forte puissance pour le secteur truck &amp; bus [\/vc_column_text][vc_column_text]CR\u00c9ATIQUE hat seit 2010 im Rahmen des ersten Projekts<span class=\"excerpt-hellip\"> [\u2026]<\/span><\/p>\n","protected":false},"author":1,"featured_media":0,"parent":0,"menu_order":0,"comment_status":"closed","ping_status":"closed","template":"","meta":{"footnotes":""},"class_list":["post-1733","page","type-page","status-publish","hentry"],"yoast_head":"<!-- This site is optimized with the Yoast SEO plugin v27.5 - https:\/\/yoast.com\/product\/yoast-seo-wordpress\/ -->\n<title>Industrielle Fertigung von Steckverbindern f\u00fcr LKW und Bus<\/title>\n<meta name=\"description\" content=\"Cr\u00e9atique stellt industriell ma\u00dfgeschneiderte Steckverbinder f\u00fcr Busse und LKW her Kontaktieren Sie uns!\" \/>\n<meta name=\"robots\" content=\"index, follow, max-snippet:-1, max-image-preview:large, max-video-preview:-1\" \/>\n<link rel=\"canonical\" href=\"https:\/\/www.creatique-technologie.com\/de\/hochspannungssteckverbinder-fur-truck-und-bus\/\" \/>\n<meta property=\"og:locale\" content=\"de_DE\" \/>\n<meta property=\"og:type\" content=\"article\" \/>\n<meta property=\"og:title\" content=\"Industrielle Fertigung von Steckverbindern f\u00fcr LKW und Bus\" \/>\n<meta property=\"og:description\" content=\"Cr\u00e9atique stellt industriell ma\u00dfgeschneiderte Steckverbinder f\u00fcr Busse und LKW her Kontaktieren Sie uns!\" \/>\n<meta property=\"og:url\" content=\"https:\/\/www.creatique-technologie.com\/de\/hochspannungssteckverbinder-fur-truck-und-bus\/\" \/>\n<meta property=\"og:site_name\" content=\"Cr\u00e9atique Technologie\" \/>\n<meta name=\"twitter:card\" content=\"summary_large_image\" \/>\n<meta name=\"twitter:label1\" content=\"Gesch\u00e4tzte Lesezeit\" \/>\n\t<meta name=\"twitter:data1\" content=\"4\u00a0Minuten\" \/>\n<script type=\"application\/ld+json\" class=\"yoast-schema-graph\">{\"@context\":\"https:\\\/\\\/schema.org\",\"@graph\":[{\"@type\":\"WebPage\",\"@id\":\"https:\\\/\\\/www.creatique-technologie.com\\\/de\\\/hochspannungssteckverbinder-fur-truck-und-bus\\\/\",\"url\":\"https:\\\/\\\/www.creatique-technologie.com\\\/de\\\/hochspannungssteckverbinder-fur-truck-und-bus\\\/\",\"name\":\"Industrielle Fertigung von Steckverbindern f\u00fcr LKW und Bus\",\"isPartOf\":{\"@id\":\"https:\\\/\\\/www.creatique-technologie.com\\\/de\\\/#website\"},\"datePublished\":\"2026-03-26T09:56:35+00:00\",\"description\":\"Cr\u00e9atique stellt industriell ma\u00dfgeschneiderte Steckverbinder f\u00fcr Busse und LKW her Kontaktieren Sie uns!\",\"breadcrumb\":{\"@id\":\"https:\\\/\\\/www.creatique-technologie.com\\\/de\\\/hochspannungssteckverbinder-fur-truck-und-bus\\\/#breadcrumb\"},\"inLanguage\":\"de\",\"potentialAction\":[{\"@type\":\"ReadAction\",\"target\":[\"https:\\\/\\\/www.creatique-technologie.com\\\/de\\\/hochspannungssteckverbinder-fur-truck-und-bus\\\/\"]}]},{\"@type\":\"BreadcrumbList\",\"@id\":\"https:\\\/\\\/www.creatique-technologie.com\\\/de\\\/hochspannungssteckverbinder-fur-truck-und-bus\\\/#breadcrumb\",\"itemListElement\":[{\"@type\":\"ListItem\",\"position\":1,\"name\":\"Accueil\",\"item\":\"https:\\\/\\\/www.creatique-technologie.com\\\/de\\\/\"},{\"@type\":\"ListItem\",\"position\":2,\"name\":\"HOCHSPANNUNGSSTECKVERBINDER F\u00dcR TRUCK UND BUS\"}]},{\"@type\":\"WebSite\",\"@id\":\"https:\\\/\\\/www.creatique-technologie.com\\\/de\\\/#website\",\"url\":\"https:\\\/\\\/www.creatique-technologie.com\\\/de\\\/\",\"name\":\"Cr\u00e9atique Technologie\",\"description\":\"\",\"potentialAction\":[{\"@type\":\"SearchAction\",\"target\":{\"@type\":\"EntryPoint\",\"urlTemplate\":\"https:\\\/\\\/www.creatique-technologie.com\\\/de\\\/?s={search_term_string}\"},\"query-input\":{\"@type\":\"PropertyValueSpecification\",\"valueRequired\":true,\"valueName\":\"search_term_string\"}}],\"inLanguage\":\"de\"}]}<\/script>\n<!-- \/ Yoast SEO plugin. -->","yoast_head_json":{"title":"Industrielle Fertigung von Steckverbindern f\u00fcr LKW und Bus","description":"Cr\u00e9atique stellt industriell ma\u00dfgeschneiderte Steckverbinder f\u00fcr Busse und LKW her Kontaktieren Sie uns!","robots":{"index":"index","follow":"follow","max-snippet":"max-snippet:-1","max-image-preview":"max-image-preview:large","max-video-preview":"max-video-preview:-1"},"canonical":"https:\/\/www.creatique-technologie.com\/de\/hochspannungssteckverbinder-fur-truck-und-bus\/","og_locale":"de_DE","og_type":"article","og_title":"Industrielle Fertigung von Steckverbindern f\u00fcr LKW und Bus","og_description":"Cr\u00e9atique stellt industriell ma\u00dfgeschneiderte Steckverbinder f\u00fcr Busse und LKW her Kontaktieren Sie uns!","og_url":"https:\/\/www.creatique-technologie.com\/de\/hochspannungssteckverbinder-fur-truck-und-bus\/","og_site_name":"Cr\u00e9atique Technologie","twitter_card":"summary_large_image","twitter_misc":{"Gesch\u00e4tzte Lesezeit":"4\u00a0Minuten"},"schema":{"@context":"https:\/\/schema.org","@graph":[{"@type":"WebPage","@id":"https:\/\/www.creatique-technologie.com\/de\/hochspannungssteckverbinder-fur-truck-und-bus\/","url":"https:\/\/www.creatique-technologie.com\/de\/hochspannungssteckverbinder-fur-truck-und-bus\/","name":"Industrielle Fertigung von Steckverbindern f\u00fcr LKW und Bus","isPartOf":{"@id":"https:\/\/www.creatique-technologie.com\/de\/#website"},"datePublished":"2026-03-26T09:56:35+00:00","description":"Cr\u00e9atique stellt industriell ma\u00dfgeschneiderte Steckverbinder f\u00fcr Busse und LKW her Kontaktieren Sie uns!","breadcrumb":{"@id":"https:\/\/www.creatique-technologie.com\/de\/hochspannungssteckverbinder-fur-truck-und-bus\/#breadcrumb"},"inLanguage":"de","potentialAction":[{"@type":"ReadAction","target":["https:\/\/www.creatique-technologie.com\/de\/hochspannungssteckverbinder-fur-truck-und-bus\/"]}]},{"@type":"BreadcrumbList","@id":"https:\/\/www.creatique-technologie.com\/de\/hochspannungssteckverbinder-fur-truck-und-bus\/#breadcrumb","itemListElement":[{"@type":"ListItem","position":1,"name":"Accueil","item":"https:\/\/www.creatique-technologie.com\/de\/"},{"@type":"ListItem","position":2,"name":"HOCHSPANNUNGSSTECKVERBINDER F\u00dcR TRUCK UND BUS"}]},{"@type":"WebSite","@id":"https:\/\/www.creatique-technologie.com\/de\/#website","url":"https:\/\/www.creatique-technologie.com\/de\/","name":"Cr\u00e9atique Technologie","description":"","potentialAction":[{"@type":"SearchAction","target":{"@type":"EntryPoint","urlTemplate":"https:\/\/www.creatique-technologie.com\/de\/?s={search_term_string}"},"query-input":{"@type":"PropertyValueSpecification","valueRequired":true,"valueName":"search_term_string"}}],"inLanguage":"de"}]}},"jetpack_sharing_enabled":true,"_links":{"self":[{"href":"https:\/\/www.creatique-technologie.com\/de\/wp-json\/wp\/v2\/pages\/1733","targetHints":{"allow":["GET"]}}],"collection":[{"href":"https:\/\/www.creatique-technologie.com\/de\/wp-json\/wp\/v2\/pages"}],"about":[{"href":"https:\/\/www.creatique-technologie.com\/de\/wp-json\/wp\/v2\/types\/page"}],"author":[{"embeddable":true,"href":"https:\/\/www.creatique-technologie.com\/de\/wp-json\/wp\/v2\/users\/1"}],"replies":[{"embeddable":true,"href":"https:\/\/www.creatique-technologie.com\/de\/wp-json\/wp\/v2\/comments?post=1733"}],"version-history":[{"count":3,"href":"https:\/\/www.creatique-technologie.com\/de\/wp-json\/wp\/v2\/pages\/1733\/revisions"}],"predecessor-version":[{"id":1739,"href":"https:\/\/www.creatique-technologie.com\/de\/wp-json\/wp\/v2\/pages\/1733\/revisions\/1739"}],"wp:attachment":[{"href":"https:\/\/www.creatique-technologie.com\/de\/wp-json\/wp\/v2\/media?parent=1733"}],"curies":[{"name":"wp","href":"https:\/\/api.w.org\/{rel}","templated":true}]}}