{"id":1029,"date":"2024-06-06T08:26:47","date_gmt":"2024-06-06T06:26:47","guid":{"rendered":"https:\/\/www.creatique-technologie.com\/produit\/mobiles-tragbares-pruefmittel-mael\/"},"modified":"2025-01-20T11:54:21","modified_gmt":"2025-01-20T10:54:21","slug":"mobiles-tragbares-pruefmittel-mael","status":"publish","type":"product","link":"https:\/\/www.creatique-technologie.com\/de\/produit\/mobiles-tragbares-pruefmittel-mael\/","title":{"rendered":"Mobiles tragbares Pr\u00fcfmittel Mael"},"content":{"rendered":"<div class=\"wpb-content-wrapper\"><p>[vc_row][vc_column][vc_column_text]<span style=\"font-weight: 400;\">Leichte, flexible modulare L\u00f6sung, geeignet f\u00fcr einfache und\/oder komplexe Testsequenzen, bis 30 A und 18 V, perfekt f\u00fcr Fensterheber, Verwaltung von Kommunikationsprotokollen (LIN, CAN&#8230;)<\/span>[\/vc_column_text][\/vc_column][\/vc_row]<\/p>\n<\/div>","protected":false},"excerpt":{"rendered":"<p><span style=\"font-weight: 400;\">Leichte, flexible modulare L\u00f6sung, geeignet f\u00fcr einfache und\/oder komplexe Testsequenzen, bis 30 A und 18 V, perfekt f\u00fcr Fensterheber, Verwaltung von Kommunikationsprotokollen (LIN, CAN&#8230;)<\/span><\/p>\n","protected":false},"featured_media":924,"comment_status":"open","ping_status":"closed","template":"","meta":[],"product_brand":[],"product_cat":[53],"product_tag":[],"class_list":{"0":"post-1029","1":"product","2":"type-product","3":"status-publish","4":"has-post-thumbnail","6":"product_cat-tragbare-prufmittel","8":"first","9":"instock","10":"shipping-taxable","11":"product-type-simple"},"yoast_head":"<!-- This site is optimized with the Yoast SEO plugin v27.5 - https:\/\/yoast.com\/product\/yoast-seo-wordpress\/ -->\n<title>Mobiles tragbares Pr\u00fcfmittel Mael - Cr\u00e9atique Technologie<\/title>\n<meta name=\"robots\" content=\"noindex, follow\" \/>\n<meta property=\"og:locale\" content=\"de_DE\" \/>\n<meta property=\"og:type\" content=\"article\" \/>\n<meta property=\"og:title\" content=\"Mobiles tragbares Pr\u00fcfmittel Mael - Cr\u00e9atique Technologie\" \/>\n<meta property=\"og:description\" content=\"Leichte, flexible modulare L\u00f6sung, geeignet f\u00fcr einfache und\/oder komplexe Testsequenzen, bis 30 A und 18 V, perfekt f\u00fcr Fensterheber, Verwaltung von Kommunikationsprotokollen (LIN, CAN...)\" \/>\n<meta property=\"og:url\" content=\"https:\/\/www.creatique-technologie.com\/de\/produit\/mobiles-tragbares-pruefmittel-mael\/\" \/>\n<meta property=\"og:site_name\" content=\"Cr\u00e9atique Technologie\" \/>\n<meta property=\"article:modified_time\" content=\"2025-01-20T10:54:21+00:00\" \/>\n<meta property=\"og:image\" content=\"https:\/\/www.creatique-technologie.com\/wp-content\/uploads\/2024\/06\/MOYEN-MOBILE-MANUEL-CS160-MAEL.png\" \/>\n\t<meta property=\"og:image:width\" content=\"200\" \/>\n\t<meta property=\"og:image:height\" content=\"200\" \/>\n\t<meta property=\"og:image:type\" content=\"image\/png\" \/>\n<meta name=\"twitter:card\" content=\"summary_large_image\" \/>\n<script type=\"application\/ld+json\" class=\"yoast-schema-graph\">{\"@context\":\"https:\\\/\\\/schema.org\",\"@graph\":[{\"@type\":\"WebPage\",\"@id\":\"https:\\\/\\\/www.creatique-technologie.com\\\/de\\\/produit\\\/mobiles-tragbares-pruefmittel-mael\\\/\",\"url\":\"https:\\\/\\\/www.creatique-technologie.com\\\/de\\\/produit\\\/mobiles-tragbares-pruefmittel-mael\\\/\",\"name\":\"Mobiles tragbares Pr\u00fcfmittel Mael - Cr\u00e9atique Technologie\",\"isPartOf\":{\"@id\":\"https:\\\/\\\/www.creatique-technologie.com\\\/de\\\/#website\"},\"primaryImageOfPage\":{\"@id\":\"https:\\\/\\\/www.creatique-technologie.com\\\/de\\\/produit\\\/mobiles-tragbares-pruefmittel-mael\\\/#primaryimage\"},\"image\":{\"@id\":\"https:\\\/\\\/www.creatique-technologie.com\\\/de\\\/produit\\\/mobiles-tragbares-pruefmittel-mael\\\/#primaryimage\"},\"thumbnailUrl\":\"https:\\\/\\\/www.creatique-technologie.com\\\/wp-content\\\/uploads\\\/2024\\\/06\\\/MOYEN-MOBILE-MANUEL-CS160-MAEL.png\",\"datePublished\":\"2024-06-06T06:26:47+00:00\",\"dateModified\":\"2025-01-20T10:54:21+00:00\",\"breadcrumb\":{\"@id\":\"https:\\\/\\\/www.creatique-technologie.com\\\/de\\\/produit\\\/mobiles-tragbares-pruefmittel-mael\\\/#breadcrumb\"},\"inLanguage\":\"de\",\"potentialAction\":[{\"@type\":\"ReadAction\",\"target\":[\"https:\\\/\\\/www.creatique-technologie.com\\\/de\\\/produit\\\/mobiles-tragbares-pruefmittel-mael\\\/\"]}]},{\"@type\":\"ImageObject\",\"inLanguage\":\"de\",\"@id\":\"https:\\\/\\\/www.creatique-technologie.com\\\/de\\\/produit\\\/mobiles-tragbares-pruefmittel-mael\\\/#primaryimage\",\"url\":\"https:\\\/\\\/www.creatique-technologie.com\\\/wp-content\\\/uploads\\\/2024\\\/06\\\/MOYEN-MOBILE-MANUEL-CS160-MAEL.png\",\"contentUrl\":\"https:\\\/\\\/www.creatique-technologie.com\\\/wp-content\\\/uploads\\\/2024\\\/06\\\/MOYEN-MOBILE-MANUEL-CS160-MAEL.png\",\"width\":200,\"height\":200},{\"@type\":\"BreadcrumbList\",\"@id\":\"https:\\\/\\\/www.creatique-technologie.com\\\/de\\\/produit\\\/mobiles-tragbares-pruefmittel-mael\\\/#breadcrumb\",\"itemListElement\":[{\"@type\":\"ListItem\",\"position\":1,\"name\":\"Accueil\",\"item\":\"https:\\\/\\\/www.creatique-technologie.com\\\/de\\\/\"},{\"@type\":\"ListItem\",\"position\":2,\"name\":\"Shop\",\"item\":\"https:\\\/\\\/www.creatique-technologie.com\\\/de\\\/shop\\\/\"},{\"@type\":\"ListItem\",\"position\":3,\"name\":\"Mobiles tragbares Pr\u00fcfmittel Mael\"}]},{\"@type\":\"WebSite\",\"@id\":\"https:\\\/\\\/www.creatique-technologie.com\\\/de\\\/#website\",\"url\":\"https:\\\/\\\/www.creatique-technologie.com\\\/de\\\/\",\"name\":\"Cr\u00e9atique Technologie\",\"description\":\"\",\"potentialAction\":[{\"@type\":\"SearchAction\",\"target\":{\"@type\":\"EntryPoint\",\"urlTemplate\":\"https:\\\/\\\/www.creatique-technologie.com\\\/de\\\/?s={search_term_string}\"},\"query-input\":{\"@type\":\"PropertyValueSpecification\",\"valueRequired\":true,\"valueName\":\"search_term_string\"}}],\"inLanguage\":\"de\"}]}<\/script>\n<!-- \/ Yoast SEO plugin. -->","yoast_head_json":{"title":"Mobiles tragbares Pr\u00fcfmittel Mael - Cr\u00e9atique Technologie","robots":{"index":"noindex","follow":"follow"},"og_locale":"de_DE","og_type":"article","og_title":"Mobiles tragbares Pr\u00fcfmittel Mael - Cr\u00e9atique Technologie","og_description":"Leichte, flexible modulare L\u00f6sung, geeignet f\u00fcr einfache und\/oder komplexe Testsequenzen, bis 30 A und 18 V, perfekt f\u00fcr Fensterheber, Verwaltung von Kommunikationsprotokollen (LIN, CAN...)","og_url":"https:\/\/www.creatique-technologie.com\/de\/produit\/mobiles-tragbares-pruefmittel-mael\/","og_site_name":"Cr\u00e9atique Technologie","article_modified_time":"2025-01-20T10:54:21+00:00","og_image":[{"width":200,"height":200,"url":"https:\/\/www.creatique-technologie.com\/wp-content\/uploads\/2024\/06\/MOYEN-MOBILE-MANUEL-CS160-MAEL.png","type":"image\/png"}],"twitter_card":"summary_large_image","schema":{"@context":"https:\/\/schema.org","@graph":[{"@type":"WebPage","@id":"https:\/\/www.creatique-technologie.com\/de\/produit\/mobiles-tragbares-pruefmittel-mael\/","url":"https:\/\/www.creatique-technologie.com\/de\/produit\/mobiles-tragbares-pruefmittel-mael\/","name":"Mobiles tragbares Pr\u00fcfmittel Mael - Cr\u00e9atique Technologie","isPartOf":{"@id":"https:\/\/www.creatique-technologie.com\/de\/#website"},"primaryImageOfPage":{"@id":"https:\/\/www.creatique-technologie.com\/de\/produit\/mobiles-tragbares-pruefmittel-mael\/#primaryimage"},"image":{"@id":"https:\/\/www.creatique-technologie.com\/de\/produit\/mobiles-tragbares-pruefmittel-mael\/#primaryimage"},"thumbnailUrl":"https:\/\/www.creatique-technologie.com\/wp-content\/uploads\/2024\/06\/MOYEN-MOBILE-MANUEL-CS160-MAEL.png","datePublished":"2024-06-06T06:26:47+00:00","dateModified":"2025-01-20T10:54:21+00:00","breadcrumb":{"@id":"https:\/\/www.creatique-technologie.com\/de\/produit\/mobiles-tragbares-pruefmittel-mael\/#breadcrumb"},"inLanguage":"de","potentialAction":[{"@type":"ReadAction","target":["https:\/\/www.creatique-technologie.com\/de\/produit\/mobiles-tragbares-pruefmittel-mael\/"]}]},{"@type":"ImageObject","inLanguage":"de","@id":"https:\/\/www.creatique-technologie.com\/de\/produit\/mobiles-tragbares-pruefmittel-mael\/#primaryimage","url":"https:\/\/www.creatique-technologie.com\/wp-content\/uploads\/2024\/06\/MOYEN-MOBILE-MANUEL-CS160-MAEL.png","contentUrl":"https:\/\/www.creatique-technologie.com\/wp-content\/uploads\/2024\/06\/MOYEN-MOBILE-MANUEL-CS160-MAEL.png","width":200,"height":200},{"@type":"BreadcrumbList","@id":"https:\/\/www.creatique-technologie.com\/de\/produit\/mobiles-tragbares-pruefmittel-mael\/#breadcrumb","itemListElement":[{"@type":"ListItem","position":1,"name":"Accueil","item":"https:\/\/www.creatique-technologie.com\/de\/"},{"@type":"ListItem","position":2,"name":"Shop","item":"https:\/\/www.creatique-technologie.com\/de\/shop\/"},{"@type":"ListItem","position":3,"name":"Mobiles tragbares Pr\u00fcfmittel Mael"}]},{"@type":"WebSite","@id":"https:\/\/www.creatique-technologie.com\/de\/#website","url":"https:\/\/www.creatique-technologie.com\/de\/","name":"Cr\u00e9atique Technologie","description":"","potentialAction":[{"@type":"SearchAction","target":{"@type":"EntryPoint","urlTemplate":"https:\/\/www.creatique-technologie.com\/de\/?s={search_term_string}"},"query-input":{"@type":"PropertyValueSpecification","valueRequired":true,"valueName":"search_term_string"}}],"inLanguage":"de"}]}},"jetpack_sharing_enabled":true,"_links":{"self":[{"href":"https:\/\/www.creatique-technologie.com\/de\/wp-json\/wp\/v2\/product\/1029","targetHints":{"allow":["GET"]}}],"collection":[{"href":"https:\/\/www.creatique-technologie.com\/de\/wp-json\/wp\/v2\/product"}],"about":[{"href":"https:\/\/www.creatique-technologie.com\/de\/wp-json\/wp\/v2\/types\/product"}],"replies":[{"embeddable":true,"href":"https:\/\/www.creatique-technologie.com\/de\/wp-json\/wp\/v2\/comments?post=1029"}],"wp:featuredmedia":[{"embeddable":true,"href":"https:\/\/www.creatique-technologie.com\/de\/wp-json\/wp\/v2\/media\/924"}],"wp:attachment":[{"href":"https:\/\/www.creatique-technologie.com\/de\/wp-json\/wp\/v2\/media?parent=1029"}],"wp:term":[{"taxonomy":"product_brand","embeddable":true,"href":"https:\/\/www.creatique-technologie.com\/de\/wp-json\/wp\/v2\/product_brand?post=1029"},{"taxonomy":"product_cat","embeddable":true,"href":"https:\/\/www.creatique-technologie.com\/de\/wp-json\/wp\/v2\/product_cat?post=1029"},{"taxonomy":"product_tag","embeddable":true,"href":"https:\/\/www.creatique-technologie.com\/de\/wp-json\/wp\/v2\/product_tag?post=1029"}],"curies":[{"name":"wp","href":"https:\/\/api.w.org\/{rel}","templated":true}]}}