{"id":1734,"date":"2026-03-26T10:56:35","date_gmt":"2026-03-26T09:56:35","guid":{"rendered":"https:\/\/www.creatique-technologie.com\/?page_id=1734"},"modified":"2026-03-26T10:56:35","modified_gmt":"2026-03-26T09:56:35","slug":"high-power-connectors-for-trucks-buses-2","status":"publish","type":"page","link":"https:\/\/www.creatique-technologie.com\/en\/high-power-connectors-for-trucks-buses-2\/","title":{"rendered":"HIGH-POWER CONNECTORS FOR TRUCKS &#038; BUSES"},"content":{"rendered":"<div class=\"wpb-content-wrapper\"><p>[vc_row][vc_column][vc_empty_space][vc_column_text el_class=&#8221;h2 fort montserrat habillage-titre txt-rouge&#8221;]<\/p>\n<h2>Fabricant de connecteur forte puissance pour le secteur truck &amp; bus<\/h2>\n<p>[\/vc_column_text][vc_column_text]Having acquired experience in <strong class=\"d2b1\">high-power industrial connectors<\/strong> since 2010 thanks to the first French <strong class=\"d2b1\">electric-vehicle<\/strong> projects, CREATIQUE is equipped to offer custom solutions for <strong class=\"d2b1\">industrial and commercial vehicles<\/strong> characterised by: <\/p>\n<p>A level of reliability derived from automotive uses:\u00a0 Guarantee of over 100,000 lifecycles, with a Takt-Time of under 1 to 5 minutes.<br \/>\nA <strong class=\"d2b1\">high-power connector<\/strong> electrical capacity of over 1,500 amps and 3,000 volts<br \/>\nTheir <span class=\"fort\">repairability<\/span>:\u00a0 A fundamental for our tailor-made design<br \/>\nTheir <span class=\"fort\">ergonomics<\/span>:\u00a0 For manual, semi-automated or robotised production lines<br \/>\nCost optimisation:\u00a0 Thanks to technical parts made in-house and integrating the latest 3D-printing technologies.<\/p>\n<p>With experience in development alongside all European brands in this sector of activity and employees who have worked with some of them, CREATIQUE can integrate all industry specificities. <\/p>\n<p>Specialising in the design and <strong class=\"d2b1\">custom and small-series manufacture of industrial connectors<\/strong>, CREATIQUE can adapt just as easily to the high volumes of a 4&#215;2 tractor unit or specialist productions of 1,000 units per year. <\/p>\n<p>Over 50 factories in this sector of activity use CREATIQUE products in Europe, Turkey, America and Asia.[\/vc_column_text][vc_btn title=&#8221;Get in touch&#8221; style=&#8221;custom&#8221; custom_background=&#8221;#fe0000&#8243; custom_text=&#8221;#ffffff&#8221; shape=&#8221;round&#8221; align=&#8221;center&#8221; link=&#8221;url:https%3A%2F%2Fwww.creatique-technologie.com%2Fen%2Fcontact%2F|&#8221; el_class=&#8221;fleche-btn-page&#8221;][\/vc_column][\/vc_row][vc_row content_placement=&#8221;middle&#8221;][vc_column width=&#8221;1\/2&#8243;][vc_empty_space][vc_column_text el_class=&#8221;h2 fort montserrat habillage-titre txt-rouge&#8221;]<\/p>\n<h2>Syst\u00e8me de test \u00e9lectrique pour l&#8217;industrie ferroviaire<\/h2>\n<p>[\/vc_column_text][vc_column_text]Dans le <strong class=\"d2b1\">domaine ferroviaire<\/strong>, un vaste \u00e9ventail d\u2019\u00e9quipements requiert des test et des <strong class=\"d2b1\">bancs d\u2019essai pour <\/strong>le<strong class=\"d2b1\"> domaine de la mobilit\u00e9<\/strong>\u00a0approfondies pour garantir leur fiabilit\u00e9 et leur conformit\u00e9 aux normes de s\u00e9curit\u00e9 strictes de l\u2019<strong class=\"d2b1\">industrie de la mobilit\u00e9<\/strong>.<\/p>\n<p>Notre entreprise fournit des solutions techniques de haute qualit\u00e9, d\u00e9velopp\u00e9es en \u00e9troite collaboration avec nos clients. En comprenant les d\u00e9fis uniques et les exigences sp\u00e9cifiques de l\u2019<strong class=\"d2b1\">industrie ferroviaire<\/strong>, nous concevons des solutions sur mesure qui r\u00e9pondent pr\u00e9cis\u00e9ment leurs besoins op\u00e9rationnels.<\/p>\n<p>Que ce soit pour des tests de validation initiaux, des essais de performance en conditions r\u00e9elles ou des proc\u00e9dures de maintenance pr\u00e9ventive, notre \u00e9quipe est l\u00e0 pour fournir une solution technique compl\u00e8te. En combinant notre expertise technique avec un engagement ind\u00e9fectible envers la satisfaction client, nous sommes en mesure d\u2019offrir des solutions de pointe qui contribuent au d\u00e9veloppement de l\u2019industrie ferroviaire.[\/vc_column_text][vc_btn title=&#8221;Get in touch&#8221; style=&#8221;custom&#8221; custom_background=&#8221;#fe0000&#8243; custom_text=&#8221;#ffffff&#8221; shape=&#8221;round&#8221; align=&#8221;center&#8221; link=&#8221;url:https%3A%2F%2Fwww.creatique-technologie.com%2Fen%2Fcontact%2F|&#8221; el_class=&#8221;fleche-btn-page&#8221;][\/vc_column][vc_column width=&#8221;1\/2&#8243; el_class=&#8221;img-moitier img-train&#8221;][vc_single_image image=&#8221;879&#8243; img_size=&#8221;full&#8221; alignment=&#8221;center&#8221; css_animation=&#8221;fadeInRight&#8221;][\/vc_column][\/vc_row][vc_row content_placement=&#8221;middle&#8221;][vc_column width=&#8221;1\/2&#8243; el_class=&#8221;img-moitier img-avion&#8221;][vc_single_image image=&#8221;877&#8243; img_size=&#8221;full&#8221; alignment=&#8221;center&#8221; css_animation=&#8221;fadeInLeft&#8221;][\/vc_column][vc_column width=&#8221;1\/2&#8243;][vc_empty_space][vc_column_text el_class=&#8221;h2 fort montserrat habillage-titre txt-rouge&#8221;]<\/p>\n<h3>Solution de connectique pour le secteur de l&#8217;a\u00e9ronautique<\/h3>\n<p>[\/vc_column_text][vc_column_text]Forte de son exp\u00e9rience et de son savoir-faire dans ce domaine exigeant, CREATIQUE se positionne comme un industriel. R\u00e9pondant parfaitement aux d\u00e9fis uniques auxquels sont confront\u00e9s nos clients dans le <strong class=\"d2b1\">secteur a\u00e9ronautique <\/strong>avec qui, nous travaillons en \u00e9troite collaboration pour garantir que chaque projet soit r\u00e9alis\u00e9 dans les objectifs contractualis\u00e9s.<\/p>\n<p>Que vous ayez besoin de solutions \u00e9prouv\u00e9es pour des <strong class=\"d2b1\">tests sp\u00e9cifiques pour les \u00e9quipements a\u00e9ronautiques<\/strong> ou d\u2019un support client r\u00e9actif pour r\u00e9soudre des probl\u00e8mes complexes, notre \u00e9quipe est l\u00e0 pour r\u00e9pondre \u00e0 vos besoins. Nous nous engageons \u00e0 vous offrir des solutions sur mesure, con\u00e7ues pour r\u00e9pondre \u00e0 vos exigences les plus pointues tout en respectant les normes de s\u00e9curit\u00e9 et de qualit\u00e9 les plus strictes de l\u2019<strong class=\"d2b1\">industrie a\u00e9ronautique<\/strong>.[\/vc_column_text][vc_btn title=&#8221;Get in touch&#8221; style=&#8221;custom&#8221; custom_background=&#8221;#fe0000&#8243; custom_text=&#8221;#ffffff&#8221; shape=&#8221;round&#8221; align=&#8221;center&#8221; link=&#8221;url:https%3A%2F%2Fwww.creatique-technologie.com%2Fen%2Fcontact%2F|&#8221; el_class=&#8221;fleche-btn-page&#8221;][\/vc_column][\/vc_row]<\/p>\n<\/div>","protected":false},"excerpt":{"rendered":"<p>[vc_row][vc_column][vc_empty_space][vc_column_text el_class=&#8221;h2 fort montserrat habillage-titre txt-rouge&#8221;] Fabricant de connecteur forte puissance pour le secteur truck &amp; bus [\/vc_column_text][vc_column_text]Having acquired experience in high-power industrial connectors since 2010<span class=\"excerpt-hellip\"> [\u2026]<\/span><\/p>\n","protected":false},"author":1,"featured_media":0,"parent":0,"menu_order":0,"comment_status":"closed","ping_status":"closed","template":"","meta":{"footnotes":""},"class_list":["post-1734","page","type-page","status-publish","hentry"],"yoast_head":"<!-- This site is optimized with the Yoast SEO plugin v27.5 - https:\/\/yoast.com\/product\/yoast-seo-wordpress\/ -->\n<title>Industrial-connector manufacturer for trucks and buses<\/title>\n<meta name=\"description\" content=\"Cr\u00e9atique is a custom industrial-connector manufacturer for buses and trucks. Get in touch!\" \/>\n<meta name=\"robots\" content=\"index, follow, max-snippet:-1, max-image-preview:large, max-video-preview:-1\" \/>\n<link rel=\"canonical\" href=\"https:\/\/www.creatique-technologie.com\/en\/high-power-connectors-for-trucks-buses-2\/\" \/>\n<meta property=\"og:locale\" content=\"en_US\" \/>\n<meta property=\"og:type\" content=\"article\" \/>\n<meta property=\"og:title\" content=\"Industrial-connector manufacturer for trucks and buses\" \/>\n<meta property=\"og:description\" content=\"Cr\u00e9atique is a custom industrial-connector manufacturer for buses and trucks. Get in touch!\" \/>\n<meta property=\"og:url\" content=\"https:\/\/www.creatique-technologie.com\/en\/high-power-connectors-for-trucks-buses-2\/\" \/>\n<meta property=\"og:site_name\" content=\"Cr\u00e9atique Technologie\" \/>\n<meta name=\"twitter:card\" content=\"summary_large_image\" \/>\n<meta name=\"twitter:label1\" content=\"Est. reading time\" \/>\n\t<meta name=\"twitter:data1\" content=\"4 minutes\" \/>\n<script type=\"application\/ld+json\" class=\"yoast-schema-graph\">{\"@context\":\"https:\\\/\\\/schema.org\",\"@graph\":[{\"@type\":\"WebPage\",\"@id\":\"https:\\\/\\\/www.creatique-technologie.com\\\/en\\\/high-power-connectors-for-trucks-buses-2\\\/\",\"url\":\"https:\\\/\\\/www.creatique-technologie.com\\\/en\\\/high-power-connectors-for-trucks-buses-2\\\/\",\"name\":\"Industrial-connector manufacturer for trucks and buses\",\"isPartOf\":{\"@id\":\"https:\\\/\\\/www.creatique-technologie.com\\\/en\\\/#website\"},\"datePublished\":\"2026-03-26T09:56:35+00:00\",\"description\":\"Cr\u00e9atique is a custom industrial-connector manufacturer for buses and trucks. Get in touch!\",\"breadcrumb\":{\"@id\":\"https:\\\/\\\/www.creatique-technologie.com\\\/en\\\/high-power-connectors-for-trucks-buses-2\\\/#breadcrumb\"},\"inLanguage\":\"en-US\",\"potentialAction\":[{\"@type\":\"ReadAction\",\"target\":[\"https:\\\/\\\/www.creatique-technologie.com\\\/en\\\/high-power-connectors-for-trucks-buses-2\\\/\"]}]},{\"@type\":\"BreadcrumbList\",\"@id\":\"https:\\\/\\\/www.creatique-technologie.com\\\/en\\\/high-power-connectors-for-trucks-buses-2\\\/#breadcrumb\",\"itemListElement\":[{\"@type\":\"ListItem\",\"position\":1,\"name\":\"Accueil\",\"item\":\"https:\\\/\\\/www.creatique-technologie.com\\\/en\\\/\"},{\"@type\":\"ListItem\",\"position\":2,\"name\":\"HIGH-POWER CONNECTORS FOR TRUCKS &#038; BUSES\"}]},{\"@type\":\"WebSite\",\"@id\":\"https:\\\/\\\/www.creatique-technologie.com\\\/en\\\/#website\",\"url\":\"https:\\\/\\\/www.creatique-technologie.com\\\/en\\\/\",\"name\":\"Cr\u00e9atique Technologie\",\"description\":\"\",\"potentialAction\":[{\"@type\":\"SearchAction\",\"target\":{\"@type\":\"EntryPoint\",\"urlTemplate\":\"https:\\\/\\\/www.creatique-technologie.com\\\/en\\\/?s={search_term_string}\"},\"query-input\":{\"@type\":\"PropertyValueSpecification\",\"valueRequired\":true,\"valueName\":\"search_term_string\"}}],\"inLanguage\":\"en-US\"}]}<\/script>\n<!-- \/ Yoast SEO plugin. -->","yoast_head_json":{"title":"Industrial-connector manufacturer for trucks and buses","description":"Cr\u00e9atique is a custom industrial-connector manufacturer for buses and trucks. Get in touch!","robots":{"index":"index","follow":"follow","max-snippet":"max-snippet:-1","max-image-preview":"max-image-preview:large","max-video-preview":"max-video-preview:-1"},"canonical":"https:\/\/www.creatique-technologie.com\/en\/high-power-connectors-for-trucks-buses-2\/","og_locale":"en_US","og_type":"article","og_title":"Industrial-connector manufacturer for trucks and buses","og_description":"Cr\u00e9atique is a custom industrial-connector manufacturer for buses and trucks. Get in touch!","og_url":"https:\/\/www.creatique-technologie.com\/en\/high-power-connectors-for-trucks-buses-2\/","og_site_name":"Cr\u00e9atique Technologie","twitter_card":"summary_large_image","twitter_misc":{"Est. reading time":"4 minutes"},"schema":{"@context":"https:\/\/schema.org","@graph":[{"@type":"WebPage","@id":"https:\/\/www.creatique-technologie.com\/en\/high-power-connectors-for-trucks-buses-2\/","url":"https:\/\/www.creatique-technologie.com\/en\/high-power-connectors-for-trucks-buses-2\/","name":"Industrial-connector manufacturer for trucks and buses","isPartOf":{"@id":"https:\/\/www.creatique-technologie.com\/en\/#website"},"datePublished":"2026-03-26T09:56:35+00:00","description":"Cr\u00e9atique is a custom industrial-connector manufacturer for buses and trucks. Get in touch!","breadcrumb":{"@id":"https:\/\/www.creatique-technologie.com\/en\/high-power-connectors-for-trucks-buses-2\/#breadcrumb"},"inLanguage":"en-US","potentialAction":[{"@type":"ReadAction","target":["https:\/\/www.creatique-technologie.com\/en\/high-power-connectors-for-trucks-buses-2\/"]}]},{"@type":"BreadcrumbList","@id":"https:\/\/www.creatique-technologie.com\/en\/high-power-connectors-for-trucks-buses-2\/#breadcrumb","itemListElement":[{"@type":"ListItem","position":1,"name":"Accueil","item":"https:\/\/www.creatique-technologie.com\/en\/"},{"@type":"ListItem","position":2,"name":"HIGH-POWER CONNECTORS FOR TRUCKS &#038; BUSES"}]},{"@type":"WebSite","@id":"https:\/\/www.creatique-technologie.com\/en\/#website","url":"https:\/\/www.creatique-technologie.com\/en\/","name":"Cr\u00e9atique Technologie","description":"","potentialAction":[{"@type":"SearchAction","target":{"@type":"EntryPoint","urlTemplate":"https:\/\/www.creatique-technologie.com\/en\/?s={search_term_string}"},"query-input":{"@type":"PropertyValueSpecification","valueRequired":true,"valueName":"search_term_string"}}],"inLanguage":"en-US"}]}},"jetpack_sharing_enabled":true,"_links":{"self":[{"href":"https:\/\/www.creatique-technologie.com\/en\/wp-json\/wp\/v2\/pages\/1734","targetHints":{"allow":["GET"]}}],"collection":[{"href":"https:\/\/www.creatique-technologie.com\/en\/wp-json\/wp\/v2\/pages"}],"about":[{"href":"https:\/\/www.creatique-technologie.com\/en\/wp-json\/wp\/v2\/types\/page"}],"author":[{"embeddable":true,"href":"https:\/\/www.creatique-technologie.com\/en\/wp-json\/wp\/v2\/users\/1"}],"replies":[{"embeddable":true,"href":"https:\/\/www.creatique-technologie.com\/en\/wp-json\/wp\/v2\/comments?post=1734"}],"version-history":[{"count":3,"href":"https:\/\/www.creatique-technologie.com\/en\/wp-json\/wp\/v2\/pages\/1734\/revisions"}],"predecessor-version":[{"id":1740,"href":"https:\/\/www.creatique-technologie.com\/en\/wp-json\/wp\/v2\/pages\/1734\/revisions\/1740"}],"wp:attachment":[{"href":"https:\/\/www.creatique-technologie.com\/en\/wp-json\/wp\/v2\/media?parent=1734"}],"curies":[{"name":"wp","href":"https:\/\/api.w.org\/{rel}","templated":true}]}}